{"id":1279,"date":"2020-03-11T12:33:04","date_gmt":"2020-03-11T15:33:04","guid":{"rendered":"http:\/\/soyprofesorusach.usach.cl\/ped\/?page_id=1279"},"modified":"2022-04-27T17:33:02","modified_gmt":"2022-04-27T21:33:02","slug":"pgm","status":"publish","type":"page","link":"https:\/\/soyprofesor.usach.cl\/ped\/pgm\/","title":{"rendered":"PGM"},"content":{"rendered":"\t\t<div data-elementor-type=\"wp-post\" data-elementor-id=\"1279\" class=\"elementor elementor-1279\" data-elementor-settings=\"[]\">\n\t\t\t\t\t\t<div class=\"elementor-inner\">\n\t\t\t\t\t\t\t<div class=\"elementor-section-wrap\">\n\t\t\t\t\t\t\t<section class=\"elementor-section elementor-top-section elementor-element elementor-element-b0e0928 elementor-section-boxed elementor-section-height-default elementor-section-height-default\" data-id=\"b0e0928\" data-element_type=\"section\">\n\t\t\t\t\t\t<div class=\"elementor-container elementor-column-gap-default\">\n\t\t\t\t\t\t\t<div class=\"elementor-row\">\n\t\t\t\t\t<div class=\"elementor-column elementor-col-100 elementor-top-column elementor-element elementor-element-57a6c29\" data-id=\"57a6c29\" data-element_type=\"column\">\n\t\t\t<div class=\"elementor-column-wrap elementor-element-populated\">\n\t\t\t\t\t\t\t<div class=\"elementor-widget-wrap\">\n\t\t\t\t\t\t<div class=\"elementor-element elementor-element-7e7b033 elementor-widget elementor-widget-image\" data-id=\"7e7b033\" data-element_type=\"widget\" data-widget_type=\"image.default\">\n\t\t\t\t<div class=\"elementor-widget-container\">\n\t\t\t\t\t<div class=\"elementor-image\">\n\t\t\t\t\t\t\t\t\t\t\t<a href=\"http:\/\/soyprofesorusach.usach.cl\/ped\/wp-content\/uploads\/2022\/03\/PGM-2021-2022-_-30-de-abril-1.pdf\" target=\"_blank\">\n\t\t\t\t\t\t\t<img loading=\"lazy\" decoding=\"async\" width=\"704\" height=\"1024\" src=\"https:\/\/soyprofesor.usach.cl\/ped\/wp-content\/uploads\/2022\/04\/PGM-Mayo-704x1024.jpg\" class=\"attachment-large size-large\" alt=\"\" srcset=\"https:\/\/soyprofesor.usach.cl\/ped\/wp-content\/uploads\/2022\/04\/PGM-Mayo-704x1024.jpg 704w, https:\/\/soyprofesor.usach.cl\/ped\/wp-content\/uploads\/2022\/04\/PGM-Mayo-206x300.jpg 206w, https:\/\/soyprofesor.usach.cl\/ped\/wp-content\/uploads\/2022\/04\/PGM-Mayo-768x1117.jpg 768w, https:\/\/soyprofesor.usach.cl\/ped\/wp-content\/uploads\/2022\/04\/PGM-Mayo.jpg 1949w\" sizes=\"(max-width: 704px) 100vw, 704px\" \/>\t\t\t\t\t\t\t\t<\/a>\n\t\t\t\t\t\t\t\t\t\t\t<\/div>\n\t\t\t\t<\/div>\n\t\t\t\t<\/div>\n\t\t\t\t\t\t<\/div>\n\t\t\t\t\t<\/div>\n\t\t<\/div>\n\t\t\t\t\t\t\t\t<\/div>\n\t\t\t\t\t<\/div>\n\t\t<\/section>\n\t\t\t\t<section class=\"elementor-section elementor-top-section elementor-element elementor-element-9b242fc elementor-section-boxed elementor-section-height-default elementor-section-height-default\" data-id=\"9b242fc\" data-element_type=\"section\">\n\t\t\t\t\t\t<div class=\"elementor-container elementor-column-gap-default\">\n\t\t\t\t\t\t\t<div class=\"elementor-row\">\n\t\t\t\t\t<div class=\"elementor-column elementor-col-100 elementor-top-column elementor-element elementor-element-b2232e6\" data-id=\"b2232e6\" data-element_type=\"column\">\n\t\t\t<div class=\"elementor-column-wrap elementor-element-populated\">\n\t\t\t\t\t\t\t<div class=\"elementor-widget-wrap\">\n\t\t\t\t\t\t<div class=\"elementor-element elementor-element-5b26cee elementor-widget elementor-widget-text-editor\" data-id=\"5b26cee\" data-element_type=\"widget\" data-widget_type=\"text-editor.default\">\n\t\t\t\t<div class=\"elementor-widget-container\">\n\t\t\t\t\t<div class=\"elementor-text-editor elementor-clearfix\"><p><strong>\u00bfQu\u00e9 es el Programa Gabriela Mistral? <\/strong>es un Programa de preparaci\u00f3n y acceso de estudiantes de ense\u00f1anza media para continuar estudios de Pedagog\u00eda en la Educaci\u00f3n Superior que considera dos a\u00f1os de formaci\u00f3n, el cual los estudiantes participan de dos jornadas de trabajo al mes, d\u00edas s\u00e1bados o un d\u00eda de la semana seg\u00fan actividad planificada previamente.<\/p><p><strong>\u00bfCu\u00e1l es el objetivo? <\/strong>captar estudiantes de tercer a\u00f1o de ense\u00f1anza media que est\u00e9n interesados en estudiar Pedagog\u00eda, para as\u00ed desarrollar habilidades pedag\u00f3gicas que faciliten su ingreso a la Educaci\u00f3n Superior y la pedagog\u00eda de su inter\u00e9s.<\/p><p><strong>\u00bfQui\u00e9nes pueden postular?:<\/strong> Estudiantes que cursen tercer a\u00f1o medio para el a\u00f1o 2021<\/p><p><strong>Beneficios:<\/strong> Los egresados del Programa Gabriela Mistral podr\u00e1n ingresar a una carrera universitaria de Pedagog\u00eda, en cumplimiento con uno de los requisitos de la Ley 20.903 del Sistema de Desarrollo Profesional Docente asociado a haber realizado y aprobado un programa de preparaci\u00f3n y acceso de estudiantes para continuar estudios de pedagog\u00eda.<\/p><p><strong>\u00bfCu\u00e1les son los requisitos para postular?<\/strong><\/p><p><strong>Inscr\u00edbete en el siguiente link: <\/strong><a href=\"https:\/\/forms.gle\/HEN7xj5fCrYnSuPc6\" target=\"_blank\" rel=\"noopener\"><strong>Formulario<\/strong><\/a><\/p><p dir=\"ltr\" role=\"presentation\">1. Acreditar un buen desempe\u00f1o acad\u00e9mico en alguna disciplina de inter\u00e9s para lo cual deben enviar el \u201cDocumento Rendimiento acad\u00e9mico en asignatura de inter\u00e9s\u201d<a href=\"http:\/\/soyprofesorusach.usach.cl\/ped\/wp-content\/uploads\/2022\/03\/Doc.1.-Descargue-el-formulario-antes.-_Documento-Rendimiento-Acad\u00e9mico_.-docx.docx\" target=\"_blank\" rel=\"noopener\" data-saferedirecturl=\"https:\/\/www.google.com\/url?q=https:\/\/docs.google.com\/document\/d\/1290I_rHV6JKbPX2ZaZJPlXDJiC_QnVqX\/edit?usp%3Dsharing%26ouid%3D105148776421220186414%26rtpof%3Dtrue%26sd%3Dtrue&amp;source=gmail&amp;ust=1647962261905000&amp;usg=AOvVaw2oAdkcRMvXWfVFX0NxfSKq\"> (Documento)<\/a> y adjuntar sus <a href=\"https:\/\/certificados.mineduc.cl\/certificados-web\/mvc\/home\/index\" target=\"_blank\" rel=\"noopener\" data-saferedirecturl=\"https:\/\/www.google.com\/url?q=https:\/\/certificados.mineduc.cl\/certificados-web\/mvc\/home\/index&amp;source=gmail&amp;ust=1647962261905000&amp;usg=AOvVaw1A4aVwEZM1FIIEpISXvrU3\">Certificados de Estudios <\/a>correspondientes a 1\u00b0 y 2\u00b0 a\u00f1o medio.<\/p><p dir=\"ltr\" role=\"presentation\">2. Elaborar un breve video sobre una \u201ctem\u00e1tica socio-cient\u00edfica\u201d de su inter\u00e9s, para lo cual se adjuntan instrucciones<a href=\"http:\/\/soyprofesorusach.usach.cl\/ped\/wp-content\/uploads\/2022\/03\/Doc.2-Indicaciones-Video-tem\u00e1tica-sociocient\u00edfica.docx\" target=\"_blank\" rel=\"noopener\" data-saferedirecturl=\"https:\/\/www.google.com\/url?q=https:\/\/docs.google.com\/document\/d\/1qPTdQX5X3rifYPxozhomwlvoGInss_ih\/edit?usp%3Dsharing%26ouid%3D105148776421220186414%26rtpof%3Dtrue%26sd%3Dtrue&amp;source=gmail&amp;ust=1647962261905000&amp;usg=AOvVaw3YE1MDrfg-U1mn_FmjnkKY\"> (Documento)<\/a><\/p><p dir=\"ltr\" role=\"presentation\">3. Presentar una \u201ccarta de inter\u00e9s\u201d del estudiante para participar en el Programa<a href=\"http:\/\/soyprofesorusach.usach.cl\/ped\/wp-content\/uploads\/2022\/03\/Doc.-3.-Carta-de-inter\u00e9s-20.docx\" target=\"_blank\" rel=\"noopener\" data-saferedirecturl=\"https:\/\/www.google.com\/url?q=https:\/\/docs.google.com\/document\/d\/1SAuP8veQSeHNiH49eO77ttX7dhSiT0i8\/edit?usp%3Dsharing%26ouid%3D105148776421220186414%26rtpof%3Dtrue%26sd%3Dtrue&amp;source=gmail&amp;ust=1647962261905000&amp;usg=AOvVaw3gaCml0sOgpcq0KC6MgGgs\"> (Documento)<\/a><\/p><p dir=\"ltr\" role=\"presentation\">4. Presentar un \u201ccuestionario de recomendaci\u00f3n\u201d de alg\u00fan profesor o profesora<a href=\"http:\/\/soyprofesorusach.usach.cl\/ped\/wp-content\/uploads\/2022\/03\/Doc.-4.-Recomendaci\u00f3n-de-profesora.-No-olvide-descargar-primero-el-documento.-.docx\" target=\"_blank\" rel=\"noopener\" data-saferedirecturl=\"https:\/\/www.google.com\/url?q=https:\/\/docs.google.com\/document\/d\/1H7tvTbdXXSwQzzL-8j5ojVSJlsMIaDsM\/edit?usp%3Dsharing%26ouid%3D105148776421220186414%26rtpof%3Dtrue%26sd%3Dtrue&amp;source=gmail&amp;ust=1647963208336000&amp;usg=AOvVaw03KLY99_YjypFH5B9Ba0Rr\"> (Documento)<\/a>.<\/p><p>5. Responder v\u00eda online un test sobre motivaci\u00f3n y creencias docentes.<a href=\"https:\/\/docs.google.com\/forms\/d\/e\/1FAIpQLSf8kDJzELKodnKREbGaOu0-ajFF2gr4ttokYYdJVlb9yjYXCQ\/viewform\" target=\"_blank\" rel=\"noopener\" data-saferedirecturl=\"https:\/\/www.google.com\/url?q=https:\/\/docs.google.com\/forms\/d\/e\/1FAIpQLSf8kDJzELKodnKREbGaOu0-ajFF2gr4ttokYYdJVlb9yjYXCQ\/viewform&amp;source=gmail&amp;ust=1647963208336000&amp;usg=AOvVaw0c-LsYrzSzvFS29gZaGoX-\"> Responder el cuestionario<\/a><\/p><p>Dichos antecedentes deben ser enviados a <a href=\"mailto:fid.usach@usach.cl\" target=\"_blank\" rel=\"noopener\">fid.usach@usach.cl<\/a> con el asunto \u201cApellidos y Nombre, RUT PROGRAMA GABRIELA MISTRAL\u201d.<\/p><p><strong>\u00bfC\u00f3mo ser\u00e1 evaluada mi postulaci\u00f3n?<\/strong><\/p><table><tbody><tr><td width=\"330\"><p><strong>Criterios:<\/strong><\/p><\/td><td width=\"258\"><p><strong>Ponderaci\u00f3n <\/strong><\/p><\/td><\/tr><tr><td width=\"330\"><p>Rendimiento acad\u00e9mico<\/p><\/td><td width=\"258\"><p>30%<\/p><\/td><\/tr><tr><td width=\"330\"><p>Elaboraci\u00f3n video sobre tem\u00e1tica socio-cient\u00edfico<\/p><\/td><td width=\"258\"><p>30%<\/p><\/td><\/tr><tr><td width=\"330\"><p>Carta de inter\u00e9s<\/p><\/td><td width=\"258\"><p>20%<\/p><\/td><\/tr><tr><td width=\"330\"><p>Cuestionario de recomendaci\u00f3n<\/p><\/td><td width=\"258\"><p>10%<\/p><\/td><\/tr><tr><td width=\"330\"><p>Test sobre motivaci\u00f3n y creencias docentes<\/p><\/td><td width=\"258\"><p>10%<\/p><\/td><\/tr><tr><td width=\"330\"><p><strong>Total<\/strong><\/p><\/td><td width=\"258\"><p><strong>100%<\/strong><\/p><\/td><\/tr><\/tbody><\/table><p>Recepci\u00f3n de antecedentes de postulaci\u00f3n: <strong>A partir del 15 de noviembre 2021 <b>plazo extendido hasta el 22 de mayo del 2022,<\/b> al correo <\/strong><a href=\"mailto:fid.usach@usach.cl\"><strong>fid.usach@usach.cl<\/strong><\/a> En una carpeta re\u00fane los requisitos del punto 1, 2, 3 y 4 y sube tu carpeta de postulaci\u00f3n a Google Drive titul\u00e1ndola de la siguiente forma: \u201cApellidos y Nombres, RUT\u201d. Luego, comparte con nosotros el link (click derecho \u201cobtener enlace\u201d) <strong>Una vez enviada la carpeta tu postulaci\u00f3n estar\u00e1 completa.<\/strong><\/p><\/div>\n\t\t\t\t<\/div>\n\t\t\t\t<\/div>\n\t\t\t\t\t\t<\/div>\n\t\t\t\t\t<\/div>\n\t\t<\/div>\n\t\t\t\t\t\t\t\t<\/div>\n\t\t\t\t\t<\/div>\n\t\t<\/section>\n\t\t\t\t\t\t<\/div>\n\t\t\t\t\t\t<\/div>\n\t\t\t\t\t<\/div>\n\t\t","protected":false},"excerpt":{"rendered":"<p>\u00bfQu\u00e9 es el Programa Gabriela Mistral? es un Programa de preparaci\u00f3n y acceso de estudiantes de ense\u00f1anza media para continuar estudios de Pedagog\u00eda en la Educaci\u00f3n Superior que considera dos a\u00f1os de formaci\u00f3n, el cual los estudiantes participan de dos jornadas de trabajo al mes, d\u00edas s\u00e1bados o un d\u00eda de la semana seg\u00fan actividad [&hellip;]<\/p>\n","protected":false},"author":1,"featured_media":0,"parent":0,"menu_order":20,"comment_status":"closed","ping_status":"closed","template":"","meta":{"footnotes":""},"_links":{"self":[{"href":"https:\/\/soyprofesor.usach.cl\/ped\/wp-json\/wp\/v2\/pages\/1279"}],"collection":[{"href":"https:\/\/soyprofesor.usach.cl\/ped\/wp-json\/wp\/v2\/pages"}],"about":[{"href":"https:\/\/soyprofesor.usach.cl\/ped\/wp-json\/wp\/v2\/types\/page"}],"author":[{"embeddable":true,"href":"https:\/\/soyprofesor.usach.cl\/ped\/wp-json\/wp\/v2\/users\/1"}],"replies":[{"embeddable":true,"href":"https:\/\/soyprofesor.usach.cl\/ped\/wp-json\/wp\/v2\/comments?post=1279"}],"version-history":[{"count":73,"href":"https:\/\/soyprofesor.usach.cl\/ped\/wp-json\/wp\/v2\/pages\/1279\/revisions"}],"predecessor-version":[{"id":2056,"href":"https:\/\/soyprofesor.usach.cl\/ped\/wp-json\/wp\/v2\/pages\/1279\/revisions\/2056"}],"wp:attachment":[{"href":"https:\/\/soyprofesor.usach.cl\/ped\/wp-json\/wp\/v2\/media?parent=1279"}],"curies":[{"name":"wp","href":"https:\/\/api.w.org\/{rel}","templated":true}]}}