{"id":1575,"date":"2020-12-02T16:13:44","date_gmt":"2020-12-02T19:13:44","guid":{"rendered":"http:\/\/soyprofesorusach.usach.cl\/ped\/?page_id=1575"},"modified":"2020-12-02T16:22:59","modified_gmt":"2020-12-02T19:22:59","slug":"pgm2","status":"publish","type":"page","link":"https:\/\/soyprofesor.usach.cl\/ped\/pgm2\/","title":{"rendered":"PGM2"},"content":{"rendered":"\t\t<div data-elementor-type=\"wp-post\" data-elementor-id=\"1575\" class=\"elementor elementor-1575\" data-elementor-settings=\"[]\">\n\t\t\t\t\t\t<div class=\"elementor-inner\">\n\t\t\t\t\t\t\t<div class=\"elementor-section-wrap\">\n\t\t\t\t\t\t\t<section class=\"elementor-section elementor-top-section elementor-element elementor-element-53077c8 elementor-section-boxed elementor-section-height-default elementor-section-height-default\" data-id=\"53077c8\" data-element_type=\"section\">\n\t\t\t\t\t\t<div class=\"elementor-container elementor-column-gap-default\">\n\t\t\t\t\t\t\t<div class=\"elementor-row\">\n\t\t\t\t\t<div class=\"elementor-column elementor-col-100 elementor-top-column elementor-element elementor-element-08a8395\" data-id=\"08a8395\" data-element_type=\"column\">\n\t\t\t<div class=\"elementor-column-wrap elementor-element-populated\">\n\t\t\t\t\t\t\t<div class=\"elementor-widget-wrap\">\n\t\t\t\t\t\t<div class=\"elementor-element elementor-element-eb3bd53 elementor-widget elementor-widget-image\" data-id=\"eb3bd53\" data-element_type=\"widget\" data-widget_type=\"image.default\">\n\t\t\t\t<div class=\"elementor-widget-container\">\n\t\t\t\t\t<div class=\"elementor-image\">\n\t\t\t\t\t\t\t\t\t\t<img loading=\"lazy\" decoding=\"async\" width=\"980\" height=\"485\" src=\"https:\/\/soyprofesor.usach.cl\/ped\/wp-content\/uploads\/2020\/12\/profesor1-1024x507.jpg\" class=\"attachment-large size-large\" alt=\"\" srcset=\"https:\/\/soyprofesor.usach.cl\/ped\/wp-content\/uploads\/2020\/12\/profesor1-1024x507.jpg 1024w, https:\/\/soyprofesor.usach.cl\/ped\/wp-content\/uploads\/2020\/12\/profesor1-300x149.jpg 300w, https:\/\/soyprofesor.usach.cl\/ped\/wp-content\/uploads\/2020\/12\/profesor1-768x381.jpg 768w, https:\/\/soyprofesor.usach.cl\/ped\/wp-content\/uploads\/2020\/12\/profesor1.jpg 1350w\" sizes=\"(max-width: 980px) 100vw, 980px\" \/>\t\t\t\t\t\t\t\t\t\t\t<\/div>\n\t\t\t\t<\/div>\n\t\t\t\t<\/div>\n\t\t\t\t\t\t<\/div>\n\t\t\t\t\t<\/div>\n\t\t<\/div>\n\t\t\t\t\t\t\t\t<\/div>\n\t\t\t\t\t<\/div>\n\t\t<\/section>\n\t\t\t\t<section class=\"elementor-section elementor-top-section elementor-element elementor-element-a971865 elementor-section-boxed elementor-section-height-default elementor-section-height-default\" data-id=\"a971865\" data-element_type=\"section\">\n\t\t\t\t\t\t<div class=\"elementor-container elementor-column-gap-default\">\n\t\t\t\t\t\t\t<div class=\"elementor-row\">\n\t\t\t\t\t<div class=\"elementor-column elementor-col-100 elementor-top-column elementor-element elementor-element-b6af9fb\" data-id=\"b6af9fb\" data-element_type=\"column\">\n\t\t\t<div class=\"elementor-column-wrap elementor-element-populated\">\n\t\t\t\t\t\t\t<div class=\"elementor-widget-wrap\">\n\t\t\t\t\t\t<div class=\"elementor-element elementor-element-fc26d60 elementor-widget elementor-widget-text-editor\" data-id=\"fc26d60\" data-element_type=\"widget\" data-widget_type=\"text-editor.default\">\n\t\t\t\t<div class=\"elementor-widget-container\">\n\t\t\t\t\t<div class=\"elementor-text-editor elementor-clearfix\"><p><strong>M\u00f3dulos:\u00a0 <\/strong><\/p><ol><li>M\u00f3dulo de \u201cControversias sociocient\u00edficas desde un enfoque interdisciplinario\u201d: tiene como prop\u00f3sito proporcionar a los estudiantes de tercer a\u00f1o de ense\u00f1anza media, herramientas te\u00f3ricas y pr\u00e1cticas que les permitan analizar problemas socio cient\u00edficos desde una perspectiva interdisciplinaria. En este contexto, los problemas socio-cient\u00edficos se comprenden como problemas abiertos, complejos y controvertidos, de los cuales no todos tienen respuestas definitivas y que constituyen a formar ciudadanos conscientes de los riesgos globales en los cuales vivimos, preparados para tomar decisiones responsables. De esta manera, la necesidad de fomentar una educaci\u00f3n para la sostenibilidad y la alfabetizaci\u00f3n socio cient\u00edfica temprana en los estudiantes constituye una oportunidad para aportar a las aulas tanto de ciencias como humanidades en general.<\/li><\/ol><p>\u00a0<\/p><ul><li>Resultado de aprendizaje 1 a\u00f1o: Analizar problemas socio-cient\u00edficos desde una mirada multidisciplinaria, integrando habilidades y saberes propios de cada disciplina.<\/li><li>Resultado de aprendizaje 2 a\u00f1o: Analizar problemas disciplinares aplicando saberes y habilidades espec\u00edficos de la disciplina que esperan estudiar en la carrera de pedagog\u00eda.<\/li><\/ul><\/div>\n\t\t\t\t<\/div>\n\t\t\t\t<\/div>\n\t\t\t\t\t\t<\/div>\n\t\t\t\t\t<\/div>\n\t\t<\/div>\n\t\t\t\t\t\t\t\t<\/div>\n\t\t\t\t\t<\/div>\n\t\t<\/section>\n\t\t\t\t<section class=\"elementor-section elementor-top-section elementor-element elementor-element-d1baaf0 elementor-section-boxed elementor-section-height-default elementor-section-height-default\" data-id=\"d1baaf0\" data-element_type=\"section\">\n\t\t\t\t\t\t<div class=\"elementor-container elementor-column-gap-default\">\n\t\t\t\t\t\t\t<div class=\"elementor-row\">\n\t\t\t\t\t<div class=\"elementor-column elementor-col-100 elementor-top-column elementor-element elementor-element-f15560c\" data-id=\"f15560c\" data-element_type=\"column\">\n\t\t\t<div class=\"elementor-column-wrap elementor-element-populated\">\n\t\t\t\t\t\t\t<div class=\"elementor-widget-wrap\">\n\t\t\t\t\t\t<div class=\"elementor-element elementor-element-59a4cdb elementor-widget elementor-widget-image\" data-id=\"59a4cdb\" data-element_type=\"widget\" data-widget_type=\"image.default\">\n\t\t\t\t<div class=\"elementor-widget-container\">\n\t\t\t\t\t<div class=\"elementor-image\">\n\t\t\t\t\t\t\t<figure class=\"wp-caption\">\n\t\t\t\t\t\t\t\t\t\t<img loading=\"lazy\" decoding=\"async\" width=\"980\" height=\"510\" src=\"https:\/\/soyprofesor.usach.cl\/ped\/wp-content\/uploads\/2020\/12\/profesor2-1024x533.jpg\" class=\"attachment-large size-large\" alt=\"\" srcset=\"https:\/\/soyprofesor.usach.cl\/ped\/wp-content\/uploads\/2020\/12\/profesor2-1024x533.jpg 1024w, https:\/\/soyprofesor.usach.cl\/ped\/wp-content\/uploads\/2020\/12\/profesor2-300x156.jpg 300w, https:\/\/soyprofesor.usach.cl\/ped\/wp-content\/uploads\/2020\/12\/profesor2-768x400.jpg 768w, https:\/\/soyprofesor.usach.cl\/ped\/wp-content\/uploads\/2020\/12\/profesor2.jpg 1285w\" sizes=\"(max-width: 980px) 100vw, 980px\" \/>\t\t\t\t\t\t\t\t\t\t\t<figcaption class=\"widget-image-caption wp-caption-text\">Foto: Taller Astronom\u00eda en el Aula<\/figcaption>\n\t\t\t\t\t\t\t\t\t\t<\/figure>\n\t\t\t\t\t<\/div>\n\t\t\t\t<\/div>\n\t\t\t\t<\/div>\n\t\t\t\t\t\t<\/div>\n\t\t\t\t\t<\/div>\n\t\t<\/div>\n\t\t\t\t\t\t\t\t<\/div>\n\t\t\t\t\t<\/div>\n\t\t<\/section>\n\t\t\t\t<section class=\"elementor-section elementor-top-section elementor-element elementor-element-0bde52f elementor-section-boxed elementor-section-height-default elementor-section-height-default\" data-id=\"0bde52f\" data-element_type=\"section\">\n\t\t\t\t\t\t<div class=\"elementor-container elementor-column-gap-default\">\n\t\t\t\t\t\t\t<div class=\"elementor-row\">\n\t\t\t\t\t<div class=\"elementor-column elementor-col-100 elementor-top-column elementor-element elementor-element-95b1cdb\" data-id=\"95b1cdb\" data-element_type=\"column\">\n\t\t\t<div class=\"elementor-column-wrap elementor-element-populated\">\n\t\t\t\t\t\t\t<div class=\"elementor-widget-wrap\">\n\t\t\t\t\t\t<div class=\"elementor-element elementor-element-9541e57 elementor-widget elementor-widget-image\" data-id=\"9541e57\" data-element_type=\"widget\" data-widget_type=\"image.default\">\n\t\t\t\t<div class=\"elementor-widget-container\">\n\t\t\t\t\t<div class=\"elementor-image\">\n\t\t\t\t\t\t\t<figure class=\"wp-caption\">\n\t\t\t\t\t\t\t\t\t\t<img loading=\"lazy\" decoding=\"async\" width=\"980\" height=\"485\" src=\"https:\/\/soyprofesor.usach.cl\/ped\/wp-content\/uploads\/2020\/12\/profesor1-1024x507.jpg\" class=\"attachment-large size-large\" alt=\"\" srcset=\"https:\/\/soyprofesor.usach.cl\/ped\/wp-content\/uploads\/2020\/12\/profesor1-1024x507.jpg 1024w, https:\/\/soyprofesor.usach.cl\/ped\/wp-content\/uploads\/2020\/12\/profesor1-300x149.jpg 300w, https:\/\/soyprofesor.usach.cl\/ped\/wp-content\/uploads\/2020\/12\/profesor1-768x381.jpg 768w, https:\/\/soyprofesor.usach.cl\/ped\/wp-content\/uploads\/2020\/12\/profesor1.jpg 1350w\" sizes=\"(max-width: 980px) 100vw, 980px\" \/>\t\t\t\t\t\t\t\t\t\t\t<figcaption class=\"widget-image-caption wp-caption-text\">Foto: clases sincr\u00f3nicas controversias socio-cient\u00edficas <\/figcaption>\n\t\t\t\t\t\t\t\t\t\t<\/figure>\n\t\t\t\t\t<\/div>\n\t\t\t\t<\/div>\n\t\t\t\t<\/div>\n\t\t\t\t\t\t<\/div>\n\t\t\t\t\t<\/div>\n\t\t<\/div>\n\t\t\t\t\t\t\t\t<\/div>\n\t\t\t\t\t<\/div>\n\t\t<\/section>\n\t\t\t\t<section class=\"elementor-section elementor-top-section elementor-element elementor-element-f4a59c0 elementor-section-boxed elementor-section-height-default elementor-section-height-default\" data-id=\"f4a59c0\" data-element_type=\"section\">\n\t\t\t\t\t\t<div class=\"elementor-container elementor-column-gap-default\">\n\t\t\t\t\t\t\t<div class=\"elementor-row\">\n\t\t\t\t\t<div class=\"elementor-column elementor-col-100 elementor-top-column elementor-element elementor-element-cacac7e\" data-id=\"cacac7e\" data-element_type=\"column\">\n\t\t\t<div class=\"elementor-column-wrap elementor-element-populated\">\n\t\t\t\t\t\t\t<div class=\"elementor-widget-wrap\">\n\t\t\t\t\t\t<div class=\"elementor-element elementor-element-0f0b9a0 elementor-widget elementor-widget-text-editor\" data-id=\"0f0b9a0\" data-element_type=\"widget\" data-widget_type=\"text-editor.default\">\n\t\t\t\t<div class=\"elementor-widget-container\">\n\t\t\t\t\t<div class=\"elementor-text-editor elementor-clearfix\"><p>2. M\u00f3dulo \u201cEl rol docente: profesi\u00f3n para la transformaci\u00f3n social\u201d: pretende proporcionar a los estudiantes de tercer a\u00f1o de ense\u00f1anza media, herramientas te\u00f3ricas y pr\u00e1cticas que les permitan analizar cr\u00edticamente su trayectoria escolar, identificando elementos facilitadores y obstaculizadores del mismo. En este contexto, la identidad docente se comprende como un proceso complejo, din\u00e1mico y sostenido en el tiempo. As\u00ed mismo, la identidad docente no es solo resultado de aprendizajes acad\u00e9micos, sino de aquellos ocurridos durante toda la vida, dentro y fuera de la escuela, por lo que constituye un aprendizaje permanente (Torres, 1998). Los resultados de aprendizaje para cada a\u00f1o son:<\/p><ul><li>Resultado de aprendizaje 1 a\u00f1o: analizar cr\u00edticamente su experiencia con el fin de identificar elementos facilitadores y obstaculizadores de los procesos de ense\u00f1anza y aprendizaje vivenciados en su trayectoria escolar.<\/li><li>Resultado de aprendizaje 2 a\u00f1o: Analizar cr\u00edticamente experiencias docentes en diversos contextos, reconociendo el rol social de la profesi\u00f3n, junto con sus desaf\u00edos y oportunidades en el sistema educativo.<\/li><\/ul><\/div>\n\t\t\t\t<\/div>\n\t\t\t\t<\/div>\n\t\t\t\t\t\t<\/div>\n\t\t\t\t\t<\/div>\n\t\t<\/div>\n\t\t\t\t\t\t\t\t<\/div>\n\t\t\t\t\t<\/div>\n\t\t<\/section>\n\t\t\t\t<section class=\"elementor-section elementor-top-section elementor-element elementor-element-17668b3 elementor-section-boxed elementor-section-height-default elementor-section-height-default\" data-id=\"17668b3\" data-element_type=\"section\">\n\t\t\t\t\t\t<div class=\"elementor-container elementor-column-gap-default\">\n\t\t\t\t\t\t\t<div class=\"elementor-row\">\n\t\t\t\t\t<div class=\"elementor-column elementor-col-100 elementor-top-column elementor-element elementor-element-1a2e455\" data-id=\"1a2e455\" data-element_type=\"column\">\n\t\t\t<div class=\"elementor-column-wrap elementor-element-populated\">\n\t\t\t\t\t\t\t<div class=\"elementor-widget-wrap\">\n\t\t\t\t\t\t<div class=\"elementor-element elementor-element-279c425 elementor-widget elementor-widget-image\" data-id=\"279c425\" data-element_type=\"widget\" data-widget_type=\"image.default\">\n\t\t\t\t<div class=\"elementor-widget-container\">\n\t\t\t\t\t<div class=\"elementor-image\">\n\t\t\t\t\t\t\t<figure class=\"wp-caption\">\n\t\t\t\t\t\t\t\t\t\t<img loading=\"lazy\" decoding=\"async\" width=\"980\" height=\"538\" src=\"https:\/\/soyprofesor.usach.cl\/ped\/wp-content\/uploads\/2020\/12\/profesor3-1024x562.jpg\" class=\"attachment-large size-large\" alt=\"\" srcset=\"https:\/\/soyprofesor.usach.cl\/ped\/wp-content\/uploads\/2020\/12\/profesor3-1024x562.jpg 1024w, https:\/\/soyprofesor.usach.cl\/ped\/wp-content\/uploads\/2020\/12\/profesor3-300x165.jpg 300w, https:\/\/soyprofesor.usach.cl\/ped\/wp-content\/uploads\/2020\/12\/profesor3-768x422.jpg 768w, https:\/\/soyprofesor.usach.cl\/ped\/wp-content\/uploads\/2020\/12\/profesor3.jpg 1329w\" sizes=\"(max-width: 980px) 100vw, 980px\" \/>\t\t\t\t\t\t\t\t\t\t\t<figcaption class=\"widget-image-caption wp-caption-text\">Fotos conversatorio rol docente: profesi\u00f3n para la transformaci\u00f3n socia<\/figcaption>\n\t\t\t\t\t\t\t\t\t\t<\/figure>\n\t\t\t\t\t<\/div>\n\t\t\t\t<\/div>\n\t\t\t\t<\/div>\n\t\t\t\t\t\t<\/div>\n\t\t\t\t\t<\/div>\n\t\t<\/div>\n\t\t\t\t\t\t\t\t<\/div>\n\t\t\t\t\t<\/div>\n\t\t<\/section>\n\t\t\t\t<section class=\"elementor-section elementor-top-section elementor-element elementor-element-2c68060 elementor-section-boxed elementor-section-height-default elementor-section-height-default\" data-id=\"2c68060\" data-element_type=\"section\">\n\t\t\t\t\t\t<div class=\"elementor-container elementor-column-gap-default\">\n\t\t\t\t\t\t\t<div class=\"elementor-row\">\n\t\t\t\t\t<div class=\"elementor-column elementor-col-100 elementor-top-column elementor-element elementor-element-d649a14\" data-id=\"d649a14\" data-element_type=\"column\">\n\t\t\t<div class=\"elementor-column-wrap elementor-element-populated\">\n\t\t\t\t\t\t\t<div class=\"elementor-widget-wrap\">\n\t\t\t\t\t\t<div class=\"elementor-element elementor-element-75f6ed8 elementor-widget elementor-widget-image\" data-id=\"75f6ed8\" data-element_type=\"widget\" data-widget_type=\"image.default\">\n\t\t\t\t<div class=\"elementor-widget-container\">\n\t\t\t\t\t<div class=\"elementor-image\">\n\t\t\t\t\t\t\t\t\t\t<img loading=\"lazy\" decoding=\"async\" width=\"980\" height=\"514\" src=\"https:\/\/soyprofesor.usach.cl\/ped\/wp-content\/uploads\/2020\/12\/profesor4-1024x537.jpg\" class=\"attachment-large size-large\" alt=\"\" srcset=\"https:\/\/soyprofesor.usach.cl\/ped\/wp-content\/uploads\/2020\/12\/profesor4-1024x537.jpg 1024w, https:\/\/soyprofesor.usach.cl\/ped\/wp-content\/uploads\/2020\/12\/profesor4-300x157.jpg 300w, https:\/\/soyprofesor.usach.cl\/ped\/wp-content\/uploads\/2020\/12\/profesor4-768x403.jpg 768w, https:\/\/soyprofesor.usach.cl\/ped\/wp-content\/uploads\/2020\/12\/profesor4.jpg 1319w\" sizes=\"(max-width: 980px) 100vw, 980px\" \/>\t\t\t\t\t\t\t\t\t\t\t<\/div>\n\t\t\t\t<\/div>\n\t\t\t\t<\/div>\n\t\t\t\t\t\t<\/div>\n\t\t\t\t\t<\/div>\n\t\t<\/div>\n\t\t\t\t\t\t\t\t<\/div>\n\t\t\t\t\t<\/div>\n\t\t<\/section>\n\t\t\t\t<section class=\"elementor-section elementor-top-section elementor-element elementor-element-048b483 elementor-section-boxed elementor-section-height-default elementor-section-height-default\" data-id=\"048b483\" data-element_type=\"section\">\n\t\t\t\t\t\t<div class=\"elementor-container elementor-column-gap-default\">\n\t\t\t\t\t\t\t<div class=\"elementor-row\">\n\t\t\t\t\t<div class=\"elementor-column elementor-col-100 elementor-top-column elementor-element elementor-element-1e7fb35\" data-id=\"1e7fb35\" data-element_type=\"column\">\n\t\t\t<div class=\"elementor-column-wrap elementor-element-populated\">\n\t\t\t\t\t\t\t<div class=\"elementor-widget-wrap\">\n\t\t\t\t\t\t<div class=\"elementor-element elementor-element-327cdbb elementor-widget elementor-widget-text-editor\" data-id=\"327cdbb\" data-element_type=\"widget\" data-widget_type=\"text-editor.default\">\n\t\t\t\t<div class=\"elementor-widget-container\">\n\t\t\t\t\t<div class=\"elementor-text-editor elementor-clearfix\"><p>3. M\u00f3dulo de \u201cLas voces de las disciplinas: ense\u00f1ar para transformar\u201d: pretende proporcionar a los estudiantes de tercer a\u00f1o de ense\u00f1anza media, los principales elementos de comunicaci\u00f3n oral y escrita que utilizan las diversas disciplinas. En este sentido, se comprende la lectura, la escritura y la oralidad como herramientas epist\u00e9micas mediadoras del conocimiento y del aprendizaje de todas las disciplinas y a trav\u00e9s de todos los cursos del curr\u00edculo de la formaci\u00f3n inicial docente (\u00c1lvarez, 2010; Bazerman et \u00e1l. 2005; Carlino, 2005; Castell\u00f3, 2009; Tolchinsky y Sim\u00f3, 2001). Desde esta perspectiva, la escritura y la oralidad, conforman \u00b4voces de las disciplinas\u201d que posibilitan la construcci\u00f3n y transformaci\u00f3n del conocimiento desde una perspectiva personal, cr\u00edtica y creativa (Barbeiro y Brando, 2006). Los resultados de aprendizaje para cada a\u00f1o son:<\/p><ul><li>Resultado de aprendizaje 1 a\u00f1o: Demostrar habilidades de comunicaci\u00f3n oral y escrita en la defensa de argumentos sobre tem\u00e1ticas espec\u00edficas, considerando los distintos contextos disciplinares.<\/li><li>Resultado de aprendizaje 2 a\u00f1o: Desarrollar procesos comunicativos, considerando el lenguaje propio de las disciplinas, con el fin de aproximarse a la comunidad cient\u00edfica de su \u00e1rea de inter\u00e9s.<\/li><\/ul><\/div>\n\t\t\t\t<\/div>\n\t\t\t\t<\/div>\n\t\t\t\t\t\t<\/div>\n\t\t\t\t\t<\/div>\n\t\t<\/div>\n\t\t\t\t\t\t\t\t<\/div>\n\t\t\t\t\t<\/div>\n\t\t<\/section>\n\t\t\t\t<section class=\"elementor-section elementor-top-section elementor-element elementor-element-485fb91 elementor-section-boxed elementor-section-height-default elementor-section-height-default\" data-id=\"485fb91\" data-element_type=\"section\">\n\t\t\t\t\t\t<div class=\"elementor-container elementor-column-gap-default\">\n\t\t\t\t\t\t\t<div class=\"elementor-row\">\n\t\t\t\t\t<div class=\"elementor-column elementor-col-100 elementor-top-column elementor-element elementor-element-8fb89b2\" data-id=\"8fb89b2\" data-element_type=\"column\">\n\t\t\t<div class=\"elementor-column-wrap elementor-element-populated\">\n\t\t\t\t\t\t\t<div class=\"elementor-widget-wrap\">\n\t\t\t\t\t\t<div class=\"elementor-element elementor-element-927ddbd elementor-widget elementor-widget-image\" data-id=\"927ddbd\" data-element_type=\"widget\" data-widget_type=\"image.default\">\n\t\t\t\t<div class=\"elementor-widget-container\">\n\t\t\t\t\t<div class=\"elementor-image\">\n\t\t\t\t\t\t\t\t\t\t<img loading=\"lazy\" decoding=\"async\" width=\"980\" height=\"503\" src=\"https:\/\/soyprofesor.usach.cl\/ped\/wp-content\/uploads\/2020\/12\/profesor5-1024x526.jpg\" class=\"attachment-large size-large\" alt=\"\" srcset=\"https:\/\/soyprofesor.usach.cl\/ped\/wp-content\/uploads\/2020\/12\/profesor5-1024x526.jpg 1024w, https:\/\/soyprofesor.usach.cl\/ped\/wp-content\/uploads\/2020\/12\/profesor5-300x154.jpg 300w, https:\/\/soyprofesor.usach.cl\/ped\/wp-content\/uploads\/2020\/12\/profesor5-768x395.jpg 768w, https:\/\/soyprofesor.usach.cl\/ped\/wp-content\/uploads\/2020\/12\/profesor5.jpg 1350w\" sizes=\"(max-width: 980px) 100vw, 980px\" \/>\t\t\t\t\t\t\t\t\t\t\t<\/div>\n\t\t\t\t<\/div>\n\t\t\t\t<\/div>\n\t\t\t\t\t\t<\/div>\n\t\t\t\t\t<\/div>\n\t\t<\/div>\n\t\t\t\t\t\t\t\t<\/div>\n\t\t\t\t\t<\/div>\n\t\t<\/section>\n\t\t\t\t<section class=\"elementor-section elementor-top-section elementor-element elementor-element-bb6e179 elementor-section-boxed elementor-section-height-default elementor-section-height-default\" data-id=\"bb6e179\" data-element_type=\"section\">\n\t\t\t\t\t\t<div class=\"elementor-container elementor-column-gap-default\">\n\t\t\t\t\t\t\t<div class=\"elementor-row\">\n\t\t\t\t\t<div class=\"elementor-column elementor-col-100 elementor-top-column elementor-element elementor-element-e52dfbd\" data-id=\"e52dfbd\" data-element_type=\"column\">\n\t\t\t<div class=\"elementor-column-wrap elementor-element-populated\">\n\t\t\t\t\t\t\t<div class=\"elementor-widget-wrap\">\n\t\t\t\t\t\t<div class=\"elementor-element elementor-element-8823afe elementor-widget elementor-widget-image\" data-id=\"8823afe\" data-element_type=\"widget\" data-widget_type=\"image.default\">\n\t\t\t\t<div class=\"elementor-widget-container\">\n\t\t\t\t\t<div class=\"elementor-image\">\n\t\t\t\t\t\t\t\t\t\t<img loading=\"lazy\" decoding=\"async\" width=\"589\" height=\"442\" src=\"https:\/\/soyprofesor.usach.cl\/ped\/wp-content\/uploads\/2020\/12\/profesor6.jpg\" class=\"attachment-large size-large\" alt=\"\" srcset=\"https:\/\/soyprofesor.usach.cl\/ped\/wp-content\/uploads\/2020\/12\/profesor6.jpg 589w, https:\/\/soyprofesor.usach.cl\/ped\/wp-content\/uploads\/2020\/12\/profesor6-300x225.jpg 300w\" sizes=\"(max-width: 589px) 100vw, 589px\" \/>\t\t\t\t\t\t\t\t\t\t\t<\/div>\n\t\t\t\t<\/div>\n\t\t\t\t<\/div>\n\t\t\t\t\t\t<\/div>\n\t\t\t\t\t<\/div>\n\t\t<\/div>\n\t\t\t\t\t\t\t\t<\/div>\n\t\t\t\t\t<\/div>\n\t\t<\/section>\n\t\t\t\t\t\t<\/div>\n\t\t\t\t\t\t<\/div>\n\t\t\t\t\t<\/div>\n\t\t","protected":false},"excerpt":{"rendered":"<p>M\u00f3dulos:\u00a0 M\u00f3dulo de \u201cControversias sociocient\u00edficas desde un enfoque interdisciplinario\u201d: tiene como prop\u00f3sito proporcionar a los estudiantes de tercer a\u00f1o de ense\u00f1anza media, herramientas te\u00f3ricas y pr\u00e1cticas que les permitan analizar problemas socio cient\u00edficos desde una perspectiva interdisciplinaria. En este contexto, los problemas socio-cient\u00edficos se comprenden como problemas abiertos, complejos y controvertidos, de los cuales no [&hellip;]<\/p>\n","protected":false},"author":1,"featured_media":0,"parent":0,"menu_order":7,"comment_status":"closed","ping_status":"closed","template":"","meta":{"footnotes":""},"_links":{"self":[{"href":"https:\/\/soyprofesor.usach.cl\/ped\/wp-json\/wp\/v2\/pages\/1575"}],"collection":[{"href":"https:\/\/soyprofesor.usach.cl\/ped\/wp-json\/wp\/v2\/pages"}],"about":[{"href":"https:\/\/soyprofesor.usach.cl\/ped\/wp-json\/wp\/v2\/types\/page"}],"author":[{"embeddable":true,"href":"https:\/\/soyprofesor.usach.cl\/ped\/wp-json\/wp\/v2\/users\/1"}],"replies":[{"embeddable":true,"href":"https:\/\/soyprofesor.usach.cl\/ped\/wp-json\/wp\/v2\/comments?post=1575"}],"version-history":[{"count":2,"href":"https:\/\/soyprofesor.usach.cl\/ped\/wp-json\/wp\/v2\/pages\/1575\/revisions"}],"predecessor-version":[{"id":1583,"href":"https:\/\/soyprofesor.usach.cl\/ped\/wp-json\/wp\/v2\/pages\/1575\/revisions\/1583"}],"wp:attachment":[{"href":"https:\/\/soyprofesor.usach.cl\/ped\/wp-json\/wp\/v2\/media?parent=1575"}],"curies":[{"name":"wp","href":"https:\/\/api.w.org\/{rel}","templated":true}]}}