{"id":1708,"date":"2021-01-29T12:09:03","date_gmt":"2021-01-29T15:09:03","guid":{"rendered":"http:\/\/soyprofesorusach.usach.cl\/ped\/?page_id=1708"},"modified":"2021-08-03T15:31:21","modified_gmt":"2021-08-03T19:31:21","slug":"unete-al-pgm","status":"publish","type":"page","link":"https:\/\/soyprofesor.usach.cl\/ped\/unete-al-pgm\/","title":{"rendered":"\u00danete al PGM"},"content":{"rendered":"\t\t<div data-elementor-type=\"wp-page\" data-elementor-id=\"1708\" class=\"elementor elementor-1708\" data-elementor-settings=\"[]\">\n\t\t\t\t\t\t<div class=\"elementor-inner\">\n\t\t\t\t\t\t\t<div class=\"elementor-section-wrap\">\n\t\t\t\t\t\t\t<section class=\"elementor-section elementor-top-section elementor-element elementor-element-a417164 elementor-section-boxed elementor-section-height-default elementor-section-height-default\" data-id=\"a417164\" data-element_type=\"section\">\n\t\t\t\t\t\t<div class=\"elementor-container elementor-column-gap-default\">\n\t\t\t\t\t\t\t<div class=\"elementor-row\">\n\t\t\t\t\t<div class=\"elementor-column elementor-col-50 elementor-top-column elementor-element elementor-element-7890eb4\" data-id=\"7890eb4\" data-element_type=\"column\">\n\t\t\t<div class=\"elementor-column-wrap elementor-element-populated\">\n\t\t\t\t\t\t\t<div class=\"elementor-widget-wrap\">\n\t\t\t\t\t\t<div class=\"elementor-element elementor-element-bf5c844 elementor-widget elementor-widget-image\" data-id=\"bf5c844\" data-element_type=\"widget\" data-widget_type=\"image.default\">\n\t\t\t\t<div class=\"elementor-widget-container\">\n\t\t\t\t\t<div class=\"elementor-image\">\n\t\t\t\t\t\t\t\t\t\t<img loading=\"lazy\" decoding=\"async\" width=\"980\" height=\"228\" src=\"https:\/\/soyprofesor.usach.cl\/ped\/wp-content\/uploads\/2021\/01\/Logo-PGM-1-1024x238.png\" class=\"attachment-large size-large\" alt=\"\" srcset=\"https:\/\/soyprofesor.usach.cl\/ped\/wp-content\/uploads\/2021\/01\/Logo-PGM-1-1024x238.png 1024w, https:\/\/soyprofesor.usach.cl\/ped\/wp-content\/uploads\/2021\/01\/Logo-PGM-1-300x70.png 300w, https:\/\/soyprofesor.usach.cl\/ped\/wp-content\/uploads\/2021\/01\/Logo-PGM-1-768x178.png 768w\" sizes=\"(max-width: 980px) 100vw, 980px\" \/>\t\t\t\t\t\t\t\t\t\t\t<\/div>\n\t\t\t\t<\/div>\n\t\t\t\t<\/div>\n\t\t\t\t\t\t<\/div>\n\t\t\t\t\t<\/div>\n\t\t<\/div>\n\t\t\t\t<div class=\"elementor-column elementor-col-50 elementor-top-column elementor-element elementor-element-1a7a79a\" data-id=\"1a7a79a\" data-element_type=\"column\">\n\t\t\t<div class=\"elementor-column-wrap\">\n\t\t\t\t\t\t\t<div class=\"elementor-widget-wrap\">\n\t\t\t\t\t\t\t\t<\/div>\n\t\t\t\t\t<\/div>\n\t\t<\/div>\n\t\t\t\t\t\t\t\t<\/div>\n\t\t\t\t\t<\/div>\n\t\t<\/section>\n\t\t\t\t<section class=\"elementor-section elementor-top-section elementor-element elementor-element-4c32910 elementor-section-boxed elementor-section-height-default elementor-section-height-default\" data-id=\"4c32910\" data-element_type=\"section\">\n\t\t\t\t\t\t<div class=\"elementor-container elementor-column-gap-default\">\n\t\t\t\t\t\t\t<div class=\"elementor-row\">\n\t\t\t\t\t<div class=\"elementor-column elementor-col-100 elementor-top-column elementor-element elementor-element-a7033a8\" data-id=\"a7033a8\" data-element_type=\"column\">\n\t\t\t<div class=\"elementor-column-wrap elementor-element-populated\">\n\t\t\t\t\t\t\t<div class=\"elementor-widget-wrap\">\n\t\t\t\t\t\t<div class=\"elementor-element elementor-element-ea32e4a elementor-widget elementor-widget-text-editor\" data-id=\"ea32e4a\" data-element_type=\"widget\" data-widget_type=\"text-editor.default\">\n\t\t\t\t<div class=\"elementor-widget-container\">\n\t\t\t\t\t<div class=\"elementor-text-editor elementor-clearfix\"><p><strong>\u00bfQu\u00e9 es el Programa Gabriela Mistral? <\/strong>es un Programa de preparaci\u00f3n y acceso de estudiantes de ense\u00f1anza media para continuar estudios de Pedagog\u00eda en la Educaci\u00f3n Superior que considera dos a\u00f1os de formaci\u00f3n, el cual los estudiantes participan de dos jornadas de trabajo al mes, d\u00edas s\u00e1bados o un d\u00eda de la semana seg\u00fan actividad planificada previamente.<\/p><p><strong>\u00bfCu\u00e1l es el objetivo? c<\/strong>aptar estudiantes de tercer a\u00f1o de ense\u00f1anza media que est\u00e9n interesados en estudiar Pedagog\u00eda, para as\u00ed desarrollar habilidades pedag\u00f3gicas que faciliten su ingreso a la Educaci\u00f3n Superior y la pedagog\u00eda de su inter\u00e9s.<\/p><p><strong>\u00bfQui\u00e9nes pueden postular?:<\/strong> Estudiantes que cursen tercer a\u00f1o medio para el a\u00f1o 2021<\/p><p><strong>Beneficios:<\/strong> Los egresados del Programa Gabriela Mistral podr\u00e1n ingresar a una carrera universitaria de Pedagog\u00eda, en cumplimiento con uno de los requisitos de la Ley 20.903 del Sistema de Desarrollo Profesional Docente asociado a haber realizado y aprobado un programa de preparaci\u00f3n y acceso de estudiantes para continuar estudios de pedagog\u00eda.<\/p><p><strong>\u00bfCu\u00e1les son los requisitos para postular?<\/strong><\/p><p><strong>Inscr\u00edbete en el siguiente link: <\/strong><a href=\"https:\/\/forms.gle\/YazQvrk6dwTBnDd16\"><strong>https:\/\/forms.gle\/YazQvrk6dwTBnDd16<\/strong><\/a><\/p><ol><li>Rendimiento acad\u00e9mico en alguna asignatura de inter\u00e9s (Lenguaje, Matem\u00e1tica, Ciencias, Historia, Ingl\u00e9s, u otra asignatura). Para respaldar dicho rendimiento, el o la estudiante debe enviar sus \u201cCertificados de Estudios Anuales\u201d correspondientes a 1\u00b0 y 2\u00b0 a\u00f1o de ense\u00f1anza media.\u00a0\u00c9stos, se obtienen de manera gratuita en el siguiente link\u00a0<a href=\"https:\/\/certificados.mineduc.cl\/certificados-web\/mvc\/home\/index\" target=\"_blank\" rel=\"noopener\" data-saferedirecturl=\"https:\/\/www.google.com\/url?q=https:\/\/certificados.mineduc.cl\/certificados-web\/mvc\/home\/index&amp;source=gmail&amp;ust=1628099972326000&amp;usg=AFQjCNHeNFOQrLyYGWAtK7NzVcvYbpwtHQ\"><b>https:\/\/certificados.<wbr \/>mineduc.cl\/certificados-web\/<wbr \/>mvc\/home\/index<\/b><\/a><\/li><li>Video sobre una tem\u00e1tica socio-cient\u00edfica de inter\u00e9s de no m\u00e1s de 5 minutos (se adjunta indicaciones, pincha aqu\u00ed doc.2)<\/li><li>Carta de inter\u00e9s por participar del Programa Gabriela Mistral (se adjunta formato, pincha aqu\u00ed doc.3)<\/li><li>Cuestionario de recomendaci\u00f3n elaborado por un profesor(a) del establecimiento (se adjunta formato, pincha aqu\u00ed doc.4)<\/li><li>Realizar test sobre motivaci\u00f3n y creencias docentes v\u00eda online (pincha aqu\u00ed)<\/li><\/ol><p><strong>\u00bfC\u00f3mo ser\u00e1 evaluada mi postulaci\u00f3n?<\/strong><\/p><table><tbody><tr><td width=\"330\"><p><strong>Criterios:<\/strong><\/p><\/td><td width=\"258\"><p><strong>Ponderaci\u00f3n <\/strong><\/p><\/td><\/tr><tr><td width=\"330\"><p>Rendimiento acad\u00e9mico<\/p><\/td><td width=\"258\"><p>30%<\/p><\/td><\/tr><tr><td width=\"330\"><p>Elaboraci\u00f3n video sobre tem\u00e1tica socio-cient\u00edfico<\/p><\/td><td width=\"258\"><p>30%<\/p><\/td><\/tr><tr><td width=\"330\"><p>Carta de inter\u00e9s<\/p><\/td><td width=\"258\"><p>20%<\/p><\/td><\/tr><tr><td width=\"330\"><p>Cuestionario de recomendaci\u00f3n<\/p><\/td><td width=\"258\"><p>10%<\/p><\/td><\/tr><tr><td width=\"330\"><p>Test sobre motivaci\u00f3n y creencias docentes<\/p><\/td><td width=\"258\"><p>10%<\/p><\/td><\/tr><tr><td width=\"330\"><p><strong>Total<\/strong><\/p><\/td><td width=\"258\"><p><strong>100%<\/strong><\/p><\/td><\/tr><\/tbody><\/table><p>Recepci\u00f3n de antecedentes de postulaci\u00f3n: <strong>A partir del 01 de diciembre 2020 hasta 22 de marzo 2021 al correo <\/strong><a href=\"mailto:fid.usach@usach.cl\"><strong>fid.usach@usach.cl<\/strong><\/a> En una carpeta re\u00fane los requisitos del punto 1, 2, 3 y 4 y sube tu carpeta de postulaci\u00f3n a Google Drive titul\u00e1ndola de la siguiente forma: \u201cApellidos y Nombres, RUT\u201d. Luego, comparte con nosotros el link (click derecho \u201cobtener enlace\u201d) <strong>Una vez enviada la carpeta tu postulaci\u00f3n estar\u00e1 completa.<\/strong><\/p><\/div>\n\t\t\t\t<\/div>\n\t\t\t\t<\/div>\n\t\t\t\t\t\t<\/div>\n\t\t\t\t\t<\/div>\n\t\t<\/div>\n\t\t\t\t\t\t\t\t<\/div>\n\t\t\t\t\t<\/div>\n\t\t<\/section>\n\t\t\t\t\t\t<\/div>\n\t\t\t\t\t\t<\/div>\n\t\t\t\t\t<\/div>\n\t\t","protected":false},"excerpt":{"rendered":"<p>\u00bfQu\u00e9 es el Programa Gabriela Mistral? es un Programa de preparaci\u00f3n y acceso de estudiantes de ense\u00f1anza media para continuar estudios de Pedagog\u00eda en la Educaci\u00f3n Superior que considera dos a\u00f1os de formaci\u00f3n, el cual los estudiantes participan de dos jornadas de trabajo al mes, d\u00edas s\u00e1bados o un d\u00eda de la semana seg\u00fan actividad [&hellip;]<\/p>\n","protected":false},"author":1,"featured_media":0,"parent":0,"menu_order":4,"comment_status":"closed","ping_status":"closed","template":"","meta":{"footnotes":""},"_links":{"self":[{"href":"https:\/\/soyprofesor.usach.cl\/ped\/wp-json\/wp\/v2\/pages\/1708"}],"collection":[{"href":"https:\/\/soyprofesor.usach.cl\/ped\/wp-json\/wp\/v2\/pages"}],"about":[{"href":"https:\/\/soyprofesor.usach.cl\/ped\/wp-json\/wp\/v2\/types\/page"}],"author":[{"embeddable":true,"href":"https:\/\/soyprofesor.usach.cl\/ped\/wp-json\/wp\/v2\/users\/1"}],"replies":[{"embeddable":true,"href":"https:\/\/soyprofesor.usach.cl\/ped\/wp-json\/wp\/v2\/comments?post=1708"}],"version-history":[{"count":10,"href":"https:\/\/soyprofesor.usach.cl\/ped\/wp-json\/wp\/v2\/pages\/1708\/revisions"}],"predecessor-version":[{"id":1907,"href":"https:\/\/soyprofesor.usach.cl\/ped\/wp-json\/wp\/v2\/pages\/1708\/revisions\/1907"}],"wp:attachment":[{"href":"https:\/\/soyprofesor.usach.cl\/ped\/wp-json\/wp\/v2\/media?parent=1708"}],"curies":[{"name":"wp","href":"https:\/\/api.w.org\/{rel}","templated":true}]}}