{"id":1716,"date":"2021-01-29T14:49:51","date_gmt":"2021-01-29T17:49:51","guid":{"rendered":"http:\/\/soyprofesorusach.usach.cl\/ped\/?page_id=1716"},"modified":"2021-01-29T14:50:07","modified_gmt":"2021-01-29T17:50:07","slug":"modulos-pgm","status":"publish","type":"page","link":"https:\/\/soyprofesor.usach.cl\/ped\/modulos-pgm\/","title":{"rendered":"M\u00f3dulos PGM"},"content":{"rendered":"\t\t<div data-elementor-type=\"wp-page\" data-elementor-id=\"1716\" class=\"elementor elementor-1716\" data-elementor-settings=\"[]\">\n\t\t\t\t\t\t<div class=\"elementor-inner\">\n\t\t\t\t\t\t\t<div class=\"elementor-section-wrap\">\n\t\t\t\t\t\t\t<section class=\"elementor-section elementor-top-section elementor-element elementor-element-1b3770d9 elementor-section-boxed elementor-section-height-default elementor-section-height-default\" data-id=\"1b3770d9\" data-element_type=\"section\">\n\t\t\t\t\t\t<div class=\"elementor-container elementor-column-gap-default\">\n\t\t\t\t\t\t\t<div class=\"elementor-row\">\n\t\t\t\t\t<div class=\"elementor-column elementor-col-100 elementor-top-column elementor-element elementor-element-c0de279\" data-id=\"c0de279\" data-element_type=\"column\">\n\t\t\t<div class=\"elementor-column-wrap\">\n\t\t\t\t\t\t\t<div class=\"elementor-widget-wrap\">\n\t\t\t\t\t\t\t\t<\/div>\n\t\t\t\t\t<\/div>\n\t\t<\/div>\n\t\t\t\t\t\t\t\t<\/div>\n\t\t\t\t\t<\/div>\n\t\t<\/section>\n\t\t\t\t<section class=\"elementor-section elementor-top-section elementor-element elementor-element-6568b542 elementor-section-boxed elementor-section-height-default elementor-section-height-default\" data-id=\"6568b542\" data-element_type=\"section\">\n\t\t\t\t\t\t<div class=\"elementor-container elementor-column-gap-default\">\n\t\t\t\t\t\t\t<div class=\"elementor-row\">\n\t\t\t\t\t<div class=\"elementor-column elementor-col-100 elementor-top-column elementor-element elementor-element-48d00d7e\" data-id=\"48d00d7e\" data-element_type=\"column\">\n\t\t\t<div class=\"elementor-column-wrap elementor-element-populated\">\n\t\t\t\t\t\t\t<div class=\"elementor-widget-wrap\">\n\t\t\t\t\t\t<div class=\"elementor-element elementor-element-63300355 elementor-widget elementor-widget-image\" data-id=\"63300355\" data-element_type=\"widget\" data-widget_type=\"image.default\">\n\t\t\t\t<div class=\"elementor-widget-container\">\n\t\t\t\t\t<div class=\"elementor-image\">\n\t\t\t\t\t\t\t\t\t\t<img loading=\"lazy\" decoding=\"async\" width=\"980\" height=\"485\" src=\"https:\/\/soyprofesor.usach.cl\/ped\/wp-content\/uploads\/2020\/12\/profesor1-1024x507.jpg\" class=\"attachment-large size-large\" alt=\"\" srcset=\"https:\/\/soyprofesor.usach.cl\/ped\/wp-content\/uploads\/2020\/12\/profesor1-1024x507.jpg 1024w, https:\/\/soyprofesor.usach.cl\/ped\/wp-content\/uploads\/2020\/12\/profesor1-300x149.jpg 300w, https:\/\/soyprofesor.usach.cl\/ped\/wp-content\/uploads\/2020\/12\/profesor1-768x381.jpg 768w, https:\/\/soyprofesor.usach.cl\/ped\/wp-content\/uploads\/2020\/12\/profesor1.jpg 1350w\" sizes=\"(max-width: 980px) 100vw, 980px\" \/>\t\t\t\t\t\t\t\t\t\t\t<\/div>\n\t\t\t\t<\/div>\n\t\t\t\t<\/div>\n\t\t\t\t\t\t<\/div>\n\t\t\t\t\t<\/div>\n\t\t<\/div>\n\t\t\t\t\t\t\t\t<\/div>\n\t\t\t\t\t<\/div>\n\t\t<\/section>\n\t\t\t\t<section class=\"elementor-section elementor-top-section elementor-element elementor-element-4b8b96ef elementor-section-boxed elementor-section-height-default elementor-section-height-default\" data-id=\"4b8b96ef\" data-element_type=\"section\">\n\t\t\t\t\t\t<div class=\"elementor-container elementor-column-gap-default\">\n\t\t\t\t\t\t\t<div class=\"elementor-row\">\n\t\t\t\t\t<div class=\"elementor-column elementor-col-100 elementor-top-column elementor-element elementor-element-2141dd29\" data-id=\"2141dd29\" data-element_type=\"column\">\n\t\t\t<div class=\"elementor-column-wrap elementor-element-populated\">\n\t\t\t\t\t\t\t<div class=\"elementor-widget-wrap\">\n\t\t\t\t\t\t<div class=\"elementor-element elementor-element-225f45b3 elementor-widget elementor-widget-text-editor\" data-id=\"225f45b3\" data-element_type=\"widget\" data-widget_type=\"text-editor.default\">\n\t\t\t\t<div class=\"elementor-widget-container\">\n\t\t\t\t\t<div class=\"elementor-text-editor elementor-clearfix\"><p><strong>M\u00f3dulos:\u00a0 <\/strong><\/p><ol><li>M\u00f3dulo de \u201cControversias sociocient\u00edficas desde un enfoque interdisciplinario\u201d: tiene como prop\u00f3sito proporcionar a los estudiantes de tercer a\u00f1o de ense\u00f1anza media, herramientas te\u00f3ricas y pr\u00e1cticas que les permitan analizar problemas socio cient\u00edficos desde una perspectiva interdisciplinaria. En este contexto, los problemas socio-cient\u00edficos se comprenden como problemas abiertos, complejos y controvertidos, de los cuales no todos tienen respuestas definitivas y que constituyen a formar ciudadanos conscientes de los riesgos globales en los cuales vivimos, preparados para tomar decisiones responsables. De esta manera, la necesidad de fomentar una educaci\u00f3n para la sostenibilidad y la alfabetizaci\u00f3n socio cient\u00edfica temprana en los estudiantes constituye una oportunidad para aportar a las aulas tanto de ciencias como humanidades en general.<\/li><\/ol><p>\u00a0<\/p><ul><li>Resultado de aprendizaje 1 a\u00f1o: Analizar problemas socio-cient\u00edficos desde una mirada multidisciplinaria, integrando habilidades y saberes propios de cada disciplina.<\/li><li>Resultado de aprendizaje 2 a\u00f1o: Analizar problemas disciplinares aplicando saberes y habilidades espec\u00edficos de la disciplina que esperan estudiar en la carrera de pedagog\u00eda.<\/li><\/ul><\/div>\n\t\t\t\t<\/div>\n\t\t\t\t<\/div>\n\t\t\t\t\t\t<\/div>\n\t\t\t\t\t<\/div>\n\t\t<\/div>\n\t\t\t\t\t\t\t\t<\/div>\n\t\t\t\t\t<\/div>\n\t\t<\/section>\n\t\t\t\t<section class=\"elementor-section elementor-top-section elementor-element elementor-element-5a63d87a elementor-section-boxed elementor-section-height-default elementor-section-height-default\" data-id=\"5a63d87a\" data-element_type=\"section\">\n\t\t\t\t\t\t<div class=\"elementor-container elementor-column-gap-default\">\n\t\t\t\t\t\t\t<div class=\"elementor-row\">\n\t\t\t\t\t<div class=\"elementor-column elementor-col-100 elementor-top-column elementor-element elementor-element-74eb6256\" data-id=\"74eb6256\" data-element_type=\"column\">\n\t\t\t<div class=\"elementor-column-wrap elementor-element-populated\">\n\t\t\t\t\t\t\t<div class=\"elementor-widget-wrap\">\n\t\t\t\t\t\t<div class=\"elementor-element elementor-element-32e3dcdb elementor-widget elementor-widget-image\" data-id=\"32e3dcdb\" data-element_type=\"widget\" data-widget_type=\"image.default\">\n\t\t\t\t<div class=\"elementor-widget-container\">\n\t\t\t\t\t<div class=\"elementor-image\">\n\t\t\t\t\t\t\t<figure class=\"wp-caption\">\n\t\t\t\t\t\t\t\t\t\t<img loading=\"lazy\" decoding=\"async\" width=\"980\" height=\"510\" src=\"https:\/\/soyprofesor.usach.cl\/ped\/wp-content\/uploads\/2020\/12\/profesor2-1024x533.jpg\" class=\"attachment-large size-large\" alt=\"\" srcset=\"https:\/\/soyprofesor.usach.cl\/ped\/wp-content\/uploads\/2020\/12\/profesor2-1024x533.jpg 1024w, https:\/\/soyprofesor.usach.cl\/ped\/wp-content\/uploads\/2020\/12\/profesor2-300x156.jpg 300w, https:\/\/soyprofesor.usach.cl\/ped\/wp-content\/uploads\/2020\/12\/profesor2-768x400.jpg 768w, https:\/\/soyprofesor.usach.cl\/ped\/wp-content\/uploads\/2020\/12\/profesor2.jpg 1285w\" sizes=\"(max-width: 980px) 100vw, 980px\" \/>\t\t\t\t\t\t\t\t\t\t\t<figcaption class=\"widget-image-caption wp-caption-text\">Foto: Taller Astronom\u00eda en el Aula<\/figcaption>\n\t\t\t\t\t\t\t\t\t\t<\/figure>\n\t\t\t\t\t<\/div>\n\t\t\t\t<\/div>\n\t\t\t\t<\/div>\n\t\t\t\t\t\t<\/div>\n\t\t\t\t\t<\/div>\n\t\t<\/div>\n\t\t\t\t\t\t\t\t<\/div>\n\t\t\t\t\t<\/div>\n\t\t<\/section>\n\t\t\t\t<section class=\"elementor-section elementor-top-section elementor-element elementor-element-2624ac30 elementor-section-boxed elementor-section-height-default elementor-section-height-default\" data-id=\"2624ac30\" data-element_type=\"section\">\n\t\t\t\t\t\t<div class=\"elementor-container elementor-column-gap-default\">\n\t\t\t\t\t\t\t<div class=\"elementor-row\">\n\t\t\t\t\t<div class=\"elementor-column elementor-col-100 elementor-top-column elementor-element elementor-element-6aafbdec\" data-id=\"6aafbdec\" data-element_type=\"column\">\n\t\t\t<div class=\"elementor-column-wrap elementor-element-populated\">\n\t\t\t\t\t\t\t<div class=\"elementor-widget-wrap\">\n\t\t\t\t\t\t<div class=\"elementor-element elementor-element-679f263a elementor-widget elementor-widget-image\" data-id=\"679f263a\" data-element_type=\"widget\" data-widget_type=\"image.default\">\n\t\t\t\t<div class=\"elementor-widget-container\">\n\t\t\t\t\t<div class=\"elementor-image\">\n\t\t\t\t\t\t\t<figure class=\"wp-caption\">\n\t\t\t\t\t\t\t\t\t\t<img loading=\"lazy\" decoding=\"async\" width=\"980\" height=\"485\" src=\"https:\/\/soyprofesor.usach.cl\/ped\/wp-content\/uploads\/2020\/12\/profesor1-1024x507.jpg\" class=\"attachment-large size-large\" alt=\"\" srcset=\"https:\/\/soyprofesor.usach.cl\/ped\/wp-content\/uploads\/2020\/12\/profesor1-1024x507.jpg 1024w, https:\/\/soyprofesor.usach.cl\/ped\/wp-content\/uploads\/2020\/12\/profesor1-300x149.jpg 300w, https:\/\/soyprofesor.usach.cl\/ped\/wp-content\/uploads\/2020\/12\/profesor1-768x381.jpg 768w, https:\/\/soyprofesor.usach.cl\/ped\/wp-content\/uploads\/2020\/12\/profesor1.jpg 1350w\" sizes=\"(max-width: 980px) 100vw, 980px\" \/>\t\t\t\t\t\t\t\t\t\t\t<figcaption class=\"widget-image-caption wp-caption-text\">Foto: clases sincr\u00f3nicas controversias socio-cient\u00edficas <\/figcaption>\n\t\t\t\t\t\t\t\t\t\t<\/figure>\n\t\t\t\t\t<\/div>\n\t\t\t\t<\/div>\n\t\t\t\t<\/div>\n\t\t\t\t\t\t<\/div>\n\t\t\t\t\t<\/div>\n\t\t<\/div>\n\t\t\t\t\t\t\t\t<\/div>\n\t\t\t\t\t<\/div>\n\t\t<\/section>\n\t\t\t\t<section class=\"elementor-section elementor-top-section elementor-element elementor-element-7c777871 elementor-section-boxed elementor-section-height-default elementor-section-height-default\" data-id=\"7c777871\" data-element_type=\"section\">\n\t\t\t\t\t\t<div class=\"elementor-container elementor-column-gap-default\">\n\t\t\t\t\t\t\t<div class=\"elementor-row\">\n\t\t\t\t\t<div class=\"elementor-column elementor-col-100 elementor-top-column elementor-element elementor-element-17d05ad6\" data-id=\"17d05ad6\" data-element_type=\"column\">\n\t\t\t<div class=\"elementor-column-wrap elementor-element-populated\">\n\t\t\t\t\t\t\t<div class=\"elementor-widget-wrap\">\n\t\t\t\t\t\t<div class=\"elementor-element elementor-element-51284ab9 elementor-widget elementor-widget-text-editor\" data-id=\"51284ab9\" data-element_type=\"widget\" data-widget_type=\"text-editor.default\">\n\t\t\t\t<div class=\"elementor-widget-container\">\n\t\t\t\t\t<div class=\"elementor-text-editor elementor-clearfix\"><p>2. M\u00f3dulo \u201cEl rol docente: profesi\u00f3n para la transformaci\u00f3n social\u201d: pretende proporcionar a los estudiantes de tercer a\u00f1o de ense\u00f1anza media, herramientas te\u00f3ricas y pr\u00e1cticas que les permitan analizar cr\u00edticamente su trayectoria escolar, identificando elementos facilitadores y obstaculizadores del mismo. En este contexto, la identidad docente se comprende como un proceso complejo, din\u00e1mico y sostenido en el tiempo. As\u00ed mismo, la identidad docente no es solo resultado de aprendizajes acad\u00e9micos, sino de aquellos ocurridos durante toda la vida, dentro y fuera de la escuela, por lo que constituye un aprendizaje permanente (Torres, 1998). Los resultados de aprendizaje para cada a\u00f1o son:<\/p><ul><li>Resultado de aprendizaje 1 a\u00f1o: analizar cr\u00edticamente su experiencia con el fin de identificar elementos facilitadores y obstaculizadores de los procesos de ense\u00f1anza y aprendizaje vivenciados en su trayectoria escolar.<\/li><li>Resultado de aprendizaje 2 a\u00f1o: Analizar cr\u00edticamente experiencias docentes en diversos contextos, reconociendo el rol social de la profesi\u00f3n, junto con sus desaf\u00edos y oportunidades en el sistema educativo.<\/li><\/ul><\/div>\n\t\t\t\t<\/div>\n\t\t\t\t<\/div>\n\t\t\t\t\t\t<\/div>\n\t\t\t\t\t<\/div>\n\t\t<\/div>\n\t\t\t\t\t\t\t\t<\/div>\n\t\t\t\t\t<\/div>\n\t\t<\/section>\n\t\t\t\t<section class=\"elementor-section elementor-top-section elementor-element elementor-element-25c4d7d5 elementor-section-boxed elementor-section-height-default elementor-section-height-default\" data-id=\"25c4d7d5\" data-element_type=\"section\">\n\t\t\t\t\t\t<div class=\"elementor-container elementor-column-gap-default\">\n\t\t\t\t\t\t\t<div class=\"elementor-row\">\n\t\t\t\t\t<div class=\"elementor-column elementor-col-100 elementor-top-column elementor-element elementor-element-3d58ad1\" data-id=\"3d58ad1\" data-element_type=\"column\">\n\t\t\t<div class=\"elementor-column-wrap elementor-element-populated\">\n\t\t\t\t\t\t\t<div class=\"elementor-widget-wrap\">\n\t\t\t\t\t\t<div class=\"elementor-element elementor-element-4dcee270 elementor-widget elementor-widget-image\" data-id=\"4dcee270\" data-element_type=\"widget\" data-widget_type=\"image.default\">\n\t\t\t\t<div class=\"elementor-widget-container\">\n\t\t\t\t\t<div class=\"elementor-image\">\n\t\t\t\t\t\t\t<figure class=\"wp-caption\">\n\t\t\t\t\t\t\t\t\t\t<img loading=\"lazy\" decoding=\"async\" width=\"980\" height=\"538\" src=\"https:\/\/soyprofesor.usach.cl\/ped\/wp-content\/uploads\/2020\/12\/profesor3-1024x562.jpg\" class=\"attachment-large size-large\" alt=\"\" srcset=\"https:\/\/soyprofesor.usach.cl\/ped\/wp-content\/uploads\/2020\/12\/profesor3-1024x562.jpg 1024w, https:\/\/soyprofesor.usach.cl\/ped\/wp-content\/uploads\/2020\/12\/profesor3-300x165.jpg 300w, https:\/\/soyprofesor.usach.cl\/ped\/wp-content\/uploads\/2020\/12\/profesor3-768x422.jpg 768w, https:\/\/soyprofesor.usach.cl\/ped\/wp-content\/uploads\/2020\/12\/profesor3.jpg 1329w\" sizes=\"(max-width: 980px) 100vw, 980px\" \/>\t\t\t\t\t\t\t\t\t\t\t<figcaption class=\"widget-image-caption wp-caption-text\">Fotos conversatorio rol docente: profesi\u00f3n para la transformaci\u00f3n socia<\/figcaption>\n\t\t\t\t\t\t\t\t\t\t<\/figure>\n\t\t\t\t\t<\/div>\n\t\t\t\t<\/div>\n\t\t\t\t<\/div>\n\t\t\t\t\t\t<\/div>\n\t\t\t\t\t<\/div>\n\t\t<\/div>\n\t\t\t\t\t\t\t\t<\/div>\n\t\t\t\t\t<\/div>\n\t\t<\/section>\n\t\t\t\t<section class=\"elementor-section elementor-top-section elementor-element elementor-element-f1741d5 elementor-section-boxed elementor-section-height-default elementor-section-height-default\" data-id=\"f1741d5\" data-element_type=\"section\">\n\t\t\t\t\t\t<div class=\"elementor-container elementor-column-gap-default\">\n\t\t\t\t\t\t\t<div class=\"elementor-row\">\n\t\t\t\t\t<div class=\"elementor-column elementor-col-100 elementor-top-column elementor-element elementor-element-6e538641\" data-id=\"6e538641\" data-element_type=\"column\">\n\t\t\t<div class=\"elementor-column-wrap elementor-element-populated\">\n\t\t\t\t\t\t\t<div class=\"elementor-widget-wrap\">\n\t\t\t\t\t\t<div class=\"elementor-element elementor-element-11149a5e elementor-widget elementor-widget-image\" data-id=\"11149a5e\" data-element_type=\"widget\" data-widget_type=\"image.default\">\n\t\t\t\t<div class=\"elementor-widget-container\">\n\t\t\t\t\t<div class=\"elementor-image\">\n\t\t\t\t\t\t\t\t\t\t<img loading=\"lazy\" decoding=\"async\" width=\"980\" height=\"514\" src=\"https:\/\/soyprofesor.usach.cl\/ped\/wp-content\/uploads\/2020\/12\/profesor4-1024x537.jpg\" class=\"attachment-large size-large\" alt=\"\" srcset=\"https:\/\/soyprofesor.usach.cl\/ped\/wp-content\/uploads\/2020\/12\/profesor4-1024x537.jpg 1024w, https:\/\/soyprofesor.usach.cl\/ped\/wp-content\/uploads\/2020\/12\/profesor4-300x157.jpg 300w, https:\/\/soyprofesor.usach.cl\/ped\/wp-content\/uploads\/2020\/12\/profesor4-768x403.jpg 768w, https:\/\/soyprofesor.usach.cl\/ped\/wp-content\/uploads\/2020\/12\/profesor4.jpg 1319w\" sizes=\"(max-width: 980px) 100vw, 980px\" \/>\t\t\t\t\t\t\t\t\t\t\t<\/div>\n\t\t\t\t<\/div>\n\t\t\t\t<\/div>\n\t\t\t\t\t\t<\/div>\n\t\t\t\t\t<\/div>\n\t\t<\/div>\n\t\t\t\t\t\t\t\t<\/div>\n\t\t\t\t\t<\/div>\n\t\t<\/section>\n\t\t\t\t<section class=\"elementor-section elementor-top-section elementor-element elementor-element-5e10c1c0 elementor-section-boxed elementor-section-height-default elementor-section-height-default\" data-id=\"5e10c1c0\" data-element_type=\"section\">\n\t\t\t\t\t\t<div class=\"elementor-container elementor-column-gap-default\">\n\t\t\t\t\t\t\t<div class=\"elementor-row\">\n\t\t\t\t\t<div class=\"elementor-column elementor-col-100 elementor-top-column elementor-element elementor-element-25db6008\" data-id=\"25db6008\" data-element_type=\"column\">\n\t\t\t<div class=\"elementor-column-wrap elementor-element-populated\">\n\t\t\t\t\t\t\t<div class=\"elementor-widget-wrap\">\n\t\t\t\t\t\t<div class=\"elementor-element elementor-element-21bb88de elementor-widget elementor-widget-text-editor\" data-id=\"21bb88de\" data-element_type=\"widget\" data-widget_type=\"text-editor.default\">\n\t\t\t\t<div class=\"elementor-widget-container\">\n\t\t\t\t\t<div class=\"elementor-text-editor elementor-clearfix\"><p>3. M\u00f3dulo de \u201cLas voces de las disciplinas: ense\u00f1ar para transformar\u201d: pretende proporcionar a los estudiantes de tercer a\u00f1o de ense\u00f1anza media, los principales elementos de comunicaci\u00f3n oral y escrita que utilizan las diversas disciplinas. En este sentido, se comprende la lectura, la escritura y la oralidad como herramientas epist\u00e9micas mediadoras del conocimiento y del aprendizaje de todas las disciplinas y a trav\u00e9s de todos los cursos del curr\u00edculo de la formaci\u00f3n inicial docente (\u00c1lvarez, 2010; Bazerman et \u00e1l. 2005; Carlino, 2005; Castell\u00f3, 2009; Tolchinsky y Sim\u00f3, 2001). Desde esta perspectiva, la escritura y la oralidad, conforman \u00b4voces de las disciplinas\u201d que posibilitan la construcci\u00f3n y transformaci\u00f3n del conocimiento desde una perspectiva personal, cr\u00edtica y creativa (Barbeiro y Brando, 2006). Los resultados de aprendizaje para cada a\u00f1o son:<\/p><ul><li>Resultado de aprendizaje 1 a\u00f1o: Demostrar habilidades de comunicaci\u00f3n oral y escrita en la defensa de argumentos sobre tem\u00e1ticas espec\u00edficas, considerando los distintos contextos disciplinares.<\/li><li>Resultado de aprendizaje 2 a\u00f1o: Desarrollar procesos comunicativos, considerando el lenguaje propio de las disciplinas, con el fin de aproximarse a la comunidad cient\u00edfica de su \u00e1rea de inter\u00e9s.<\/li><\/ul><\/div>\n\t\t\t\t<\/div>\n\t\t\t\t<\/div>\n\t\t\t\t\t\t<\/div>\n\t\t\t\t\t<\/div>\n\t\t<\/div>\n\t\t\t\t\t\t\t\t<\/div>\n\t\t\t\t\t<\/div>\n\t\t<\/section>\n\t\t\t\t<section class=\"elementor-section elementor-top-section elementor-element elementor-element-640e76bc elementor-section-boxed elementor-section-height-default elementor-section-height-default\" data-id=\"640e76bc\" data-element_type=\"section\">\n\t\t\t\t\t\t<div class=\"elementor-container elementor-column-gap-default\">\n\t\t\t\t\t\t\t<div class=\"elementor-row\">\n\t\t\t\t\t<div class=\"elementor-column elementor-col-100 elementor-top-column elementor-element elementor-element-441a18f4\" data-id=\"441a18f4\" data-element_type=\"column\">\n\t\t\t<div class=\"elementor-column-wrap elementor-element-populated\">\n\t\t\t\t\t\t\t<div class=\"elementor-widget-wrap\">\n\t\t\t\t\t\t<div class=\"elementor-element elementor-element-1e8f8b11 elementor-widget elementor-widget-image\" data-id=\"1e8f8b11\" data-element_type=\"widget\" data-widget_type=\"image.default\">\n\t\t\t\t<div class=\"elementor-widget-container\">\n\t\t\t\t\t<div class=\"elementor-image\">\n\t\t\t\t\t\t\t\t\t\t<img loading=\"lazy\" decoding=\"async\" width=\"980\" height=\"503\" src=\"https:\/\/soyprofesor.usach.cl\/ped\/wp-content\/uploads\/2020\/12\/profesor5-1024x526.jpg\" class=\"attachment-large size-large\" alt=\"\" srcset=\"https:\/\/soyprofesor.usach.cl\/ped\/wp-content\/uploads\/2020\/12\/profesor5-1024x526.jpg 1024w, https:\/\/soyprofesor.usach.cl\/ped\/wp-content\/uploads\/2020\/12\/profesor5-300x154.jpg 300w, https:\/\/soyprofesor.usach.cl\/ped\/wp-content\/uploads\/2020\/12\/profesor5-768x395.jpg 768w, https:\/\/soyprofesor.usach.cl\/ped\/wp-content\/uploads\/2020\/12\/profesor5.jpg 1350w\" sizes=\"(max-width: 980px) 100vw, 980px\" \/>\t\t\t\t\t\t\t\t\t\t\t<\/div>\n\t\t\t\t<\/div>\n\t\t\t\t<\/div>\n\t\t\t\t\t\t<\/div>\n\t\t\t\t\t<\/div>\n\t\t<\/div>\n\t\t\t\t\t\t\t\t<\/div>\n\t\t\t\t\t<\/div>\n\t\t<\/section>\n\t\t\t\t<section class=\"elementor-section elementor-top-section elementor-element elementor-element-28d27dbc elementor-section-boxed elementor-section-height-default elementor-section-height-default\" data-id=\"28d27dbc\" data-element_type=\"section\">\n\t\t\t\t\t\t<div class=\"elementor-container elementor-column-gap-default\">\n\t\t\t\t\t\t\t<div class=\"elementor-row\">\n\t\t\t\t\t<div class=\"elementor-column elementor-col-100 elementor-top-column elementor-element elementor-element-59ce8daf\" data-id=\"59ce8daf\" data-element_type=\"column\">\n\t\t\t<div class=\"elementor-column-wrap elementor-element-populated\">\n\t\t\t\t\t\t\t<div class=\"elementor-widget-wrap\">\n\t\t\t\t\t\t<div class=\"elementor-element elementor-element-2a61bc2c elementor-widget elementor-widget-image\" data-id=\"2a61bc2c\" data-element_type=\"widget\" data-widget_type=\"image.default\">\n\t\t\t\t<div class=\"elementor-widget-container\">\n\t\t\t\t\t<div class=\"elementor-image\">\n\t\t\t\t\t\t\t\t\t\t<img loading=\"lazy\" decoding=\"async\" width=\"589\" height=\"442\" src=\"https:\/\/soyprofesor.usach.cl\/ped\/wp-content\/uploads\/2020\/12\/profesor6.jpg\" class=\"attachment-large size-large\" alt=\"\" srcset=\"https:\/\/soyprofesor.usach.cl\/ped\/wp-content\/uploads\/2020\/12\/profesor6.jpg 589w, https:\/\/soyprofesor.usach.cl\/ped\/wp-content\/uploads\/2020\/12\/profesor6-300x225.jpg 300w\" sizes=\"(max-width: 589px) 100vw, 589px\" \/>\t\t\t\t\t\t\t\t\t\t\t<\/div>\n\t\t\t\t<\/div>\n\t\t\t\t<\/div>\n\t\t\t\t\t\t<\/div>\n\t\t\t\t\t<\/div>\n\t\t<\/div>\n\t\t\t\t\t\t\t\t<\/div>\n\t\t\t\t\t<\/div>\n\t\t<\/section>\n\t\t\t\t<section class=\"elementor-section elementor-top-section elementor-element elementor-element-c85cd6b elementor-section-boxed elementor-section-height-default elementor-section-height-default\" data-id=\"c85cd6b\" data-element_type=\"section\">\n\t\t\t\t\t\t<div class=\"elementor-container elementor-column-gap-default\">\n\t\t\t\t\t\t\t<div class=\"elementor-row\">\n\t\t\t\t\t<div class=\"elementor-column elementor-col-100 elementor-top-column elementor-element elementor-element-dad5277\" data-id=\"dad5277\" data-element_type=\"column\">\n\t\t\t<div class=\"elementor-column-wrap elementor-element-populated\">\n\t\t\t\t\t\t\t<div class=\"elementor-widget-wrap\">\n\t\t\t\t\t\t<div class=\"elementor-element elementor-element-722912b elementor-widget elementor-widget-text-editor\" data-id=\"722912b\" data-element_type=\"widget\" data-widget_type=\"text-editor.default\">\n\t\t\t\t<div class=\"elementor-widget-container\">\n\t\t\t\t\t<div class=\"elementor-text-editor elementor-clearfix\"><p>Una vez que tengas los documentos listos, re\u00fanelos en una carpeta, la cual deber\u00e1s subir a Google Drive mediante una cuenta Gmail. Comparte el link de tu carpeta y env\u00edala a <a href=\"mailto:fid.usach@usach.cl\">fid.usach@usach.cl<\/a><\/p><p>Con este paso, tu postulaci\u00f3n al Programa Gabriela Mistral estar\u00e1 completa.<\/p><ol><li>El primer paso es ingresar a la p\u00e1gina soyprofesorusach.usach.cl donde podr\u00e1s encontrar informaci\u00f3n sobre el Programa y hacer click en el formulario de inscripci\u00f3n que estar\u00e1 disponible para el proceso de postulaci\u00f3n 2021<\/li><li>Paso 2, podr\u00e1s descargar las indicaciones para elaborar un video sobre una tem\u00e1tica socio-cient\u00edfica de inter\u00e9s, de no m\u00e1s de 5 minutos.<\/li><li>Paso 3: Descarga el cuestionario de recomendaci\u00f3n de profesor(a) y solicita a un profesor(a) que te conozca muy bien, que complete dicho cuestionario y lo env\u00ede al correo <a href=\"mailto:fid.usach@usach.cl\">usach@usach.cl<\/a><\/li><li>Paso 4: Descarga el formato para redactar una carta de inter\u00e9s donde nos cuentes tu motivaci\u00f3n por ser parte del Programa Gabriela Mistral<\/li><li>Paso 5: Finalmente, ingresar al link disponible en la p\u00e1gina web para completar el test sobre creencias y motivaciones docentes. Tus respuestas se registrar\u00e1n autom\u00e1ticamente<\/li><\/ol><p>Una vez que tengas tus documentos listos, re\u00fanelos en una carpeta. Y mediante una cuenta Gmail utiliza Google Drive para subir tu carpeta con todos tus antecedentes y comparte con nosotros el enlace de tu carpeta al correo <a href=\"mailto:fid.usach@usach.cl\">fid.usach@usach.cl<\/a> No olvides titular tu carpeta con tus apellidos, nombres y RUT<\/p><p>\u00a0<\/p><p>Una vez que env\u00edes el link de tu carpeta a nuestro correo, tu postulaci\u00f3n al programa Gabriela mistral estar\u00e1 completa<\/p><\/div>\n\t\t\t\t<\/div>\n\t\t\t\t<\/div>\n\t\t\t\t\t\t<\/div>\n\t\t\t\t\t<\/div>\n\t\t<\/div>\n\t\t\t\t\t\t\t\t<\/div>\n\t\t\t\t\t<\/div>\n\t\t<\/section>\n\t\t\t\t\t\t<\/div>\n\t\t\t\t\t\t<\/div>\n\t\t\t\t\t<\/div>\n\t\t","protected":false},"excerpt":{"rendered":"<p>M\u00f3dulos:\u00a0 M\u00f3dulo de \u201cControversias sociocient\u00edficas desde un enfoque interdisciplinario\u201d: tiene como prop\u00f3sito proporcionar a los estudiantes de tercer a\u00f1o de ense\u00f1anza media, herramientas te\u00f3ricas y pr\u00e1cticas que les permitan analizar problemas socio cient\u00edficos desde una perspectiva interdisciplinaria. En este contexto, los problemas socio-cient\u00edficos se comprenden como problemas abiertos, complejos y controvertidos, de los cuales no [&hellip;]<\/p>\n","protected":false},"author":1,"featured_media":0,"parent":0,"menu_order":5,"comment_status":"closed","ping_status":"closed","template":"","meta":{"footnotes":""},"_links":{"self":[{"href":"https:\/\/soyprofesor.usach.cl\/ped\/wp-json\/wp\/v2\/pages\/1716"}],"collection":[{"href":"https:\/\/soyprofesor.usach.cl\/ped\/wp-json\/wp\/v2\/pages"}],"about":[{"href":"https:\/\/soyprofesor.usach.cl\/ped\/wp-json\/wp\/v2\/types\/page"}],"author":[{"embeddable":true,"href":"https:\/\/soyprofesor.usach.cl\/ped\/wp-json\/wp\/v2\/users\/1"}],"replies":[{"embeddable":true,"href":"https:\/\/soyprofesor.usach.cl\/ped\/wp-json\/wp\/v2\/comments?post=1716"}],"version-history":[{"count":4,"href":"https:\/\/soyprofesor.usach.cl\/ped\/wp-json\/wp\/v2\/pages\/1716\/revisions"}],"predecessor-version":[{"id":1750,"href":"https:\/\/soyprofesor.usach.cl\/ped\/wp-json\/wp\/v2\/pages\/1716\/revisions\/1750"}],"wp:attachment":[{"href":"https:\/\/soyprofesor.usach.cl\/ped\/wp-json\/wp\/v2\/media?parent=1716"}],"curies":[{"name":"wp","href":"https:\/\/api.w.org\/{rel}","templated":true}]}}