{"id":1826,"date":"2021-04-01T12:37:51","date_gmt":"2021-04-01T15:37:51","guid":{"rendered":"http:\/\/soyprofesorusach.usach.cl\/ped\/?page_id=1826"},"modified":"2021-04-06T14:50:07","modified_gmt":"2021-04-06T18:50:07","slug":"inicio-de-clases","status":"publish","type":"page","link":"https:\/\/soyprofesor.usach.cl\/ped\/inicio-de-clases\/","title":{"rendered":"Inicio de Clases"},"content":{"rendered":"\t\t<div data-elementor-type=\"wp-page\" data-elementor-id=\"1826\" class=\"elementor elementor-1826\" data-elementor-settings=\"[]\">\n\t\t\t\t\t\t<div class=\"elementor-inner\">\n\t\t\t\t\t\t\t<div class=\"elementor-section-wrap\">\n\t\t\t\t\t\t\t<section class=\"elementor-section elementor-top-section elementor-element elementor-element-29478e3f elementor-section-boxed elementor-section-height-default elementor-section-height-default\" data-id=\"29478e3f\" data-element_type=\"section\">\n\t\t\t\t\t\t<div class=\"elementor-container elementor-column-gap-default\">\n\t\t\t\t\t\t\t<div class=\"elementor-row\">\n\t\t\t\t\t<div class=\"elementor-column elementor-col-100 elementor-top-column elementor-element elementor-element-1ac524c4\" data-id=\"1ac524c4\" data-element_type=\"column\">\n\t\t\t<div class=\"elementor-column-wrap elementor-element-populated\">\n\t\t\t\t\t\t\t<div class=\"elementor-widget-wrap\">\n\t\t\t\t\t\t<div class=\"elementor-element elementor-element-7bd77db0 elementor-widget elementor-widget-image\" data-id=\"7bd77db0\" data-element_type=\"widget\" data-widget_type=\"image.default\">\n\t\t\t\t<div class=\"elementor-widget-container\">\n\t\t\t\t\t<div class=\"elementor-image\">\n\t\t\t\t\t\t\t\t\t\t<img loading=\"lazy\" decoding=\"async\" width=\"980\" height=\"654\" src=\"https:\/\/soyprofesor.usach.cl\/ped\/wp-content\/uploads\/2021\/04\/inicioclases-1024x683.png\" class=\"attachment-large size-large\" alt=\"\" srcset=\"https:\/\/soyprofesor.usach.cl\/ped\/wp-content\/uploads\/2021\/04\/inicioclases-1024x683.png 1024w, https:\/\/soyprofesor.usach.cl\/ped\/wp-content\/uploads\/2021\/04\/inicioclases-300x200.png 300w, https:\/\/soyprofesor.usach.cl\/ped\/wp-content\/uploads\/2021\/04\/inicioclases-768x512.png 768w, https:\/\/soyprofesor.usach.cl\/ped\/wp-content\/uploads\/2021\/04\/inicioclases.png 1379w\" sizes=\"(max-width: 980px) 100vw, 980px\" \/>\t\t\t\t\t\t\t\t\t\t\t<\/div>\n\t\t\t\t<\/div>\n\t\t\t\t<\/div>\n\t\t\t\t\t\t<\/div>\n\t\t\t\t\t<\/div>\n\t\t<\/div>\n\t\t\t\t\t\t\t\t<\/div>\n\t\t\t\t\t<\/div>\n\t\t<\/section>\n\t\t\t\t<section class=\"elementor-section elementor-top-section elementor-element elementor-element-e8da557 elementor-section-boxed elementor-section-height-default elementor-section-height-default\" data-id=\"e8da557\" data-element_type=\"section\">\n\t\t\t\t\t\t<div class=\"elementor-container elementor-column-gap-default\">\n\t\t\t\t\t\t\t<div class=\"elementor-row\">\n\t\t\t\t\t<div class=\"elementor-column elementor-col-100 elementor-top-column elementor-element elementor-element-7011d5c\" data-id=\"7011d5c\" data-element_type=\"column\">\n\t\t\t<div class=\"elementor-column-wrap elementor-element-populated\">\n\t\t\t\t\t\t\t<div class=\"elementor-widget-wrap\">\n\t\t\t\t\t\t<div class=\"elementor-element elementor-element-3c52ea55 elementor-widget elementor-widget-text-editor\" data-id=\"3c52ea55\" data-element_type=\"widget\" data-widget_type=\"text-editor.default\">\n\t\t\t\t<div class=\"elementor-widget-container\">\n\t\t\t\t\t<div class=\"elementor-text-editor elementor-clearfix\"><p style=\"text-align: center;\"><span style=\"font-size: 14pt;\"><strong>Inicio de clases <\/strong><strong>en asignaturas de carrera<\/strong><\/span><\/p><p style=\"text-align: justify;\">El lunes 12 de abril de 2021 comenzar\u00e1n las clases en las asignaturas del plan de estudio de las carreras. Las y los estudiantes ya pueden conocer sus horarios y clases, ingresando en el sitio de Registro Curricular (<a href=\"http:\/\/registro.usach.cl\/\">registro.usach.cl<\/a>). A quienes a\u00fan no han entrado en la intranet de su carrera, se les recomienda seguir las instrucciones de este\u00a0<a href=\"https:\/\/youtu.be\/rvY33S-ITFg\">tutorial,<\/a> para conocer sus cursos.<\/p><p style=\"text-align: justify;\">Los profesores y las profesoras comenzar\u00e1n a enviarles los enlaces para las clases sincr\u00f3nicas a los correos institucionales de las y los estudiantes, por lo cual se les recomienda revisarlo peri\u00f3dicamente.<\/p><p style=\"text-align: justify;\">La Universidad de Santiago de Chile cuenta con variados espacios virtuales para la docencia, por lo cual se deben seguir las instrucciones de profesores y profesoras, para acceder al espacio virtual que acompa\u00f1ar\u00e1 a cada asignatura.<\/p><p style=\"text-align: justify;\">Para el caso de la Plataforma Campus Virtual, donde se realizaron los Cursos de Transici\u00f3n ingresando con Rut como usuario y sus cinco primeros d\u00edgitos como clave, ahora \u00a0se deber\u00e1 acceder con correo institucional\u00a0<a href=\"https:\/\/youtu.be\/xyUZPTeBzCY\">(ver tutorial).<\/a><\/p><p style=\"text-align: justify;\">Se mantendr\u00e1n disponibles talleres y contenidos del Plan de Transici\u00f3n para quienes no pudieron realizar sus actividades o desean volver a consultarlos durante el semestre.<\/p><p style=\"text-align: justify;\">Consultas, en el e-mail\u00a0<a href=\"mailto:soyusach@usach.cl\">soyusach@usach.cl<\/a><\/p><\/div>\n\t\t\t\t<\/div>\n\t\t\t\t<\/div>\n\t\t\t\t\t\t<\/div>\n\t\t\t\t\t<\/div>\n\t\t<\/div>\n\t\t\t\t\t\t\t\t<\/div>\n\t\t\t\t\t<\/div>\n\t\t<\/section>\n\t\t\t\t\t\t<\/div>\n\t\t\t\t\t\t<\/div>\n\t\t\t\t\t<\/div>\n\t\t","protected":false},"excerpt":{"rendered":"<p>Inicio de clases en asignaturas de carrera El lunes 12 de abril de 2021 comenzar\u00e1n las clases en las asignaturas del plan de estudio de las carreras. Las y los estudiantes ya pueden conocer sus horarios y clases, ingresando en el sitio de Registro Curricular (registro.usach.cl). A quienes a\u00fan no han entrado en la intranet [&hellip;]<\/p>\n","protected":false},"author":1,"featured_media":0,"parent":0,"menu_order":2,"comment_status":"closed","ping_status":"closed","template":"","meta":{"footnotes":""},"_links":{"self":[{"href":"https:\/\/soyprofesor.usach.cl\/ped\/wp-json\/wp\/v2\/pages\/1826"}],"collection":[{"href":"https:\/\/soyprofesor.usach.cl\/ped\/wp-json\/wp\/v2\/pages"}],"about":[{"href":"https:\/\/soyprofesor.usach.cl\/ped\/wp-json\/wp\/v2\/types\/page"}],"author":[{"embeddable":true,"href":"https:\/\/soyprofesor.usach.cl\/ped\/wp-json\/wp\/v2\/users\/1"}],"replies":[{"embeddable":true,"href":"https:\/\/soyprofesor.usach.cl\/ped\/wp-json\/wp\/v2\/comments?post=1826"}],"version-history":[{"count":10,"href":"https:\/\/soyprofesor.usach.cl\/ped\/wp-json\/wp\/v2\/pages\/1826\/revisions"}],"predecessor-version":[{"id":1840,"href":"https:\/\/soyprofesor.usach.cl\/ped\/wp-json\/wp\/v2\/pages\/1826\/revisions\/1840"}],"wp:attachment":[{"href":"https:\/\/soyprofesor.usach.cl\/ped\/wp-json\/wp\/v2\/media?parent=1826"}],"curies":[{"name":"wp","href":"https:\/\/api.w.org\/{rel}","templated":true}]}}