{"id":704,"date":"2019-06-10T14:41:03","date_gmt":"2019-06-10T18:41:03","guid":{"rendered":"http:\/\/test-ecp.udesantiagovirtual.cl\/ped\/?page_id=704"},"modified":"2019-06-10T18:10:09","modified_gmt":"2019-06-10T22:10:09","slug":"carlos-vanegas","status":"publish","type":"page","link":"https:\/\/soyprofesor.usach.cl\/ped\/carlos-vanegas\/","title":{"rendered":"Carlos Vanegas"},"content":{"rendered":"\t\t<div data-elementor-type=\"wp-post\" data-elementor-id=\"704\" class=\"elementor elementor-704\" data-elementor-settings=\"[]\">\n\t\t\t\t\t\t<div class=\"elementor-inner\">\n\t\t\t\t\t\t\t<div class=\"elementor-section-wrap\">\n\t\t\t\t\t\t\t<section class=\"elementor-section elementor-top-section elementor-element elementor-element-fa58063 elementor-section-boxed elementor-section-height-default elementor-section-height-default\" data-id=\"fa58063\" data-element_type=\"section\">\n\t\t\t\t\t\t<div class=\"elementor-container elementor-column-gap-default\">\n\t\t\t\t\t\t\t<div class=\"elementor-row\">\n\t\t\t\t\t<div class=\"elementor-column elementor-col-100 elementor-top-column elementor-element elementor-element-9462d3a\" data-id=\"9462d3a\" data-element_type=\"column\">\n\t\t\t<div class=\"elementor-column-wrap elementor-element-populated\">\n\t\t\t\t\t\t\t<div class=\"elementor-widget-wrap\">\n\t\t\t\t\t\t<div class=\"elementor-element elementor-element-d980cd6 elementor-position-top elementor-vertical-align-top elementor-widget elementor-widget-image-box\" data-id=\"d980cd6\" data-element_type=\"widget\" data-widget_type=\"image-box.default\">\n\t\t\t\t<div class=\"elementor-widget-container\">\n\t\t\t<div class=\"elementor-image-box-wrapper\"><figure class=\"elementor-image-box-img\"><img loading=\"lazy\" decoding=\"async\" width=\"936\" height=\"943\" src=\"https:\/\/soyprofesor.usach.cl\/ped\/wp-content\/uploads\/2019\/06\/columna1.png\" class=\"elementor-animation-grow attachment-full size-full\" alt=\"\" srcset=\"https:\/\/soyprofesor.usach.cl\/ped\/wp-content\/uploads\/2019\/06\/columna1.png 936w, https:\/\/soyprofesor.usach.cl\/ped\/wp-content\/uploads\/2019\/06\/columna1-150x150.png 150w, https:\/\/soyprofesor.usach.cl\/ped\/wp-content\/uploads\/2019\/06\/columna1-298x300.png 298w, https:\/\/soyprofesor.usach.cl\/ped\/wp-content\/uploads\/2019\/06\/columna1-768x774.png 768w\" sizes=\"(max-width: 936px) 100vw, 936px\" \/><\/figure><div class=\"elementor-image-box-content\"><h3 class=\"elementor-image-box-title\">Reflexiones Docentes<\/h3><p class=\"elementor-image-box-description\">El libro \"Reflexi\u00f3n Docente\", de los autores Dr. Carlos Vanegas y Dr. Rodrigo Fuentealba, editado por Appris, analiza las perspectivas te\u00f3ricas, cr\u00edticas y modelos para el desarrollo profesional de profesores. Seg\u00fan el Dr. Vengas el prop\u00f3sito es analizar las perspectivas te\u00f3ricas que dieron lugar y que han hecho crecer el campo de investigaci\u00f3n de la reflexi\u00f3n y dar cuenta de la forma c\u00f3mo se ha desarrollado conceptualmente la reflexi\u00f3n, los tipos, niveles y jerarqu\u00edas que se han usado para hacerla operativa y las cr\u00edticas que han surgido de \u00edndole conceptual, de aplicaci\u00f3n al campo educativo y para la investigaci\u00f3n. Explica, que el texto tambi\u00e9n considera una caracterizaci\u00f3n y definici\u00f3n de la reflexi\u00f3n, as\u00ed como su relaci\u00f3n con la acci\u00f3n en el contexto de los procesos de pr\u00e1cticas pedag\u00f3gicas de formaci\u00f3n inicial y continua.<\/p><\/div><\/div>\t\t<\/div>\n\t\t\t\t<\/div>\n\t\t\t\t\t\t<\/div>\n\t\t\t\t\t<\/div>\n\t\t<\/div>\n\t\t\t\t\t\t\t\t<\/div>\n\t\t\t\t\t<\/div>\n\t\t<\/section>\n\t\t\t\t\t\t<\/div>\n\t\t\t\t\t\t<\/div>\n\t\t\t\t\t<\/div>\n\t\t","protected":false},"excerpt":{"rendered":"<p>Reflexiones Docentes El libro &#8220;Reflexi\u00f3n Docente&#8221;, de los autores Dr. Carlos Vanegas y Dr. Rodrigo Fuentealba, editado por Appris, analiza las perspectivas te\u00f3ricas, cr\u00edticas y modelos para el desarrollo profesional de profesores. Seg\u00fan el Dr. Vengas el prop\u00f3sito es analizar las perspectivas te\u00f3ricas que dieron lugar y que han hecho crecer el campo de investigaci\u00f3n [&hellip;]<\/p>\n","protected":false},"author":1,"featured_media":0,"parent":0,"menu_order":32,"comment_status":"closed","ping_status":"closed","template":"","meta":{"footnotes":""},"_links":{"self":[{"href":"https:\/\/soyprofesor.usach.cl\/ped\/wp-json\/wp\/v2\/pages\/704"}],"collection":[{"href":"https:\/\/soyprofesor.usach.cl\/ped\/wp-json\/wp\/v2\/pages"}],"about":[{"href":"https:\/\/soyprofesor.usach.cl\/ped\/wp-json\/wp\/v2\/types\/page"}],"author":[{"embeddable":true,"href":"https:\/\/soyprofesor.usach.cl\/ped\/wp-json\/wp\/v2\/users\/1"}],"replies":[{"embeddable":true,"href":"https:\/\/soyprofesor.usach.cl\/ped\/wp-json\/wp\/v2\/comments?post=704"}],"version-history":[{"count":3,"href":"https:\/\/soyprofesor.usach.cl\/ped\/wp-json\/wp\/v2\/pages\/704\/revisions"}],"predecessor-version":[{"id":777,"href":"https:\/\/soyprofesor.usach.cl\/ped\/wp-json\/wp\/v2\/pages\/704\/revisions\/777"}],"wp:attachment":[{"href":"https:\/\/soyprofesor.usach.cl\/ped\/wp-json\/wp\/v2\/media?parent=704"}],"curies":[{"name":"wp","href":"https:\/\/api.w.org\/{rel}","templated":true}]}}